{"id":635,"date":"2022-04-12T21:06:06","date_gmt":"2022-04-12T19:06:06","guid":{"rendered":"https:\/\/solar.logate.com\/tenderski-postupci\/"},"modified":"2022-06-09T08:43:51","modified_gmt":"2022-06-09T06:43:51","slug":"tenderski-postupci","status":"publish","type":"page","link":"https:\/\/epcg-sg.com\/lat\/tenderski-postupci\/","title":{"rendered":"Tenderski postupci"},"content":{"rendered":"\t\t<div data-elementor-type=\"wp-page\" data-elementor-id=\"635\" class=\"elementor elementor-635 elementor-97\" data-elementor-post-type=\"page\">\n\t\t\t\t\t\t<section class=\"elementor-section elementor-top-section elementor-element elementor-element-55ce239 elementor-section-boxed elementor-section-height-default elementor-section-height-default\" data-id=\"55ce239\" data-element_type=\"section\" data-e-type=\"section\" data-settings=\"{&quot;jet_parallax_layout_list&quot;:[],&quot;background_background&quot;:&quot;classic&quot;}\">\n\t\t\t\t\t\t<div class=\"elementor-container elementor-column-gap-default\">\n\t\t\t\t\t<div class=\"elementor-column elementor-col-100 elementor-top-column elementor-element elementor-element-44af4f71\" data-id=\"44af4f71\" data-element_type=\"column\" data-e-type=\"column\">\n\t\t\t<div class=\"elementor-widget-wrap elementor-element-populated\">\n\t\t\t\t\t\t<div class=\"elementor-element elementor-element-62298087 elementor-widget elementor-widget-heading\" data-id=\"62298087\" data-element_type=\"widget\" data-e-type=\"widget\" data-widget_type=\"heading.default\">\n\t\t\t\t<div class=\"elementor-widget-container\">\n\t\t\t\t\t<h2 class=\"elementor-heading-title elementor-size-default\">Tenderski postupci<\/h2>\t\t\t\t<\/div>\n\t\t\t\t<\/div>\n\t\t\t\t<div class=\"elementor-element elementor-element-7ba357f0 elementor-widget elementor-widget-text-editor\" data-id=\"7ba357f0\" data-element_type=\"widget\" data-e-type=\"widget\" data-widget_type=\"text-editor.default\">\n\t\t\t\t<div class=\"elementor-widget-container\">\n\t\t\t\t\t\t\t\t\tNa ovoj stranici mo\u017eete prona\u0107i sve informacije vezane za tenderske postupke.\t\t\t\t\t\t\t\t<\/div>\n\t\t\t\t<\/div>\n\t\t\t\t<div class=\"elementor-element elementor-element-4721d93c elementor-widget-divider--view-line elementor-widget elementor-widget-divider\" data-id=\"4721d93c\" data-element_type=\"widget\" data-e-type=\"widget\" data-widget_type=\"divider.default\">\n\t\t\t\t<div class=\"elementor-widget-container\">\n\t\t\t\t\t\t\t<div class=\"elementor-divider\">\n\t\t\t<span class=\"elementor-divider-separator\">\n\t\t\t\t\t\t<\/span>\n\t\t<\/div>\n\t\t\t\t\t\t<\/div>\n\t\t\t\t<\/div>\n\t\t\t\t\t<\/div>\n\t\t<\/div>\n\t\t\t\t\t<\/div>\n\t\t<\/section>\n\t\t\t\t<section class=\"elementor-section elementor-top-section elementor-element elementor-element-43759827 elementor-section-boxed elementor-section-height-default elementor-section-height-default\" data-id=\"43759827\" data-element_type=\"section\" data-e-type=\"section\" data-settings=\"{&quot;jet_parallax_layout_list&quot;:[]}\">\n\t\t\t\t\t\t<div class=\"elementor-container elementor-column-gap-wide\">\n\t\t\t\t\t<div class=\"elementor-column elementor-col-50 elementor-top-column elementor-element elementor-element-169f0d3f\" data-id=\"169f0d3f\" data-element_type=\"column\" data-e-type=\"column\">\n\t\t\t<div class=\"elementor-widget-wrap elementor-element-populated\">\n\t\t\t\t\t\t<div class=\"elementor-element elementor-element-41ffbdc elementor-icon-list--layout-traditional elementor-list-item-link-full_width elementor-widget elementor-widget-icon-list\" data-id=\"41ffbdc\" data-element_type=\"widget\" data-e-type=\"widget\" data-widget_type=\"icon-list.default\">\n\t\t\t\t<div class=\"elementor-widget-container\">\n\t\t\t\t\t\t\t<ul class=\"elementor-icon-list-items\">\n\t\t\t\t\t\t\t<li class=\"elementor-icon-list-item\">\n\t\t\t\t\t\t\t\t\t\t\t<a href=\"https:\/\/cejn.gov.me\/tenders\/view-tender\/15631\">\n\n\t\t\t\t\t\t\t\t\t\t\t\t<span class=\"elementor-icon-list-icon\">\n\t\t\t\t\t\t\t<i aria-hidden=\"true\" class=\"fas fa-check\"><\/i>\t\t\t\t\t\t<\/span>\n\t\t\t\t\t\t\t\t\t\t<span class=\"elementor-icon-list-text\">Tenderski postupak za nabavku goriva (postupak okon\u010dan)<\/span>\n\t\t\t\t\t\t\t\t\t\t\t<\/a>\n\t\t\t\t\t\t\t\t\t<\/li>\n\t\t\t\t\t\t\t\t<li class=\"elementor-icon-list-item\">\n\t\t\t\t\t\t\t\t\t\t\t<a href=\"https:\/\/cejn.gov.me\/tenders\/view-tender\/18637\">\n\n\t\t\t\t\t\t\t\t\t\t\t\t<span class=\"elementor-icon-list-icon\">\n\t\t\t\t\t\t\t<i aria-hidden=\"true\" class=\"fas fa-check\"><\/i>\t\t\t\t\t\t<\/span>\n\t\t\t\t\t\t\t\t\t\t<span class=\"elementor-icon-list-text\">Tenderski postupak za nabavku usluga iznajmljivanja vozila (postupak okon\u010dan)<\/span>\n\t\t\t\t\t\t\t\t\t\t\t<\/a>\n\t\t\t\t\t\t\t\t\t<\/li>\n\t\t\t\t\t\t\t\t<li class=\"elementor-icon-list-item\">\n\t\t\t\t\t\t\t\t\t\t\t<a href=\"https:\/\/cejn.gov.me\/tenders\/view-tender\/18820\">\n\n\t\t\t\t\t\t\t\t\t\t\t\t<span class=\"elementor-icon-list-icon\">\n\t\t\t\t\t\t\t<i aria-hidden=\"true\" class=\"far fa-clock\"><\/i>\t\t\t\t\t\t<\/span>\n\t\t\t\t\t\t\t\t\t\t<span class=\"elementor-icon-list-text\">Tenderski postupak za nabavku usluga iznajmljivanja gra\u0111evinske operative\/mehanizacije  (postupak u toku)<\/span>\n\t\t\t\t\t\t\t\t\t\t\t<\/a>\n\t\t\t\t\t\t\t\t\t<\/li>\n\t\t\t\t\t\t<\/ul>\n\t\t\t\t\t\t<\/div>\n\t\t\t\t<\/div>\n\t\t\t\t\t<\/div>\n\t\t<\/div>\n\t\t\t\t<div class=\"elementor-column elementor-col-50 elementor-top-column elementor-element elementor-element-c571b42\" data-id=\"c571b42\" data-element_type=\"column\" data-e-type=\"column\">\n\t\t\t<div class=\"elementor-widget-wrap elementor-element-populated\">\n\t\t\t\t\t\t<section class=\"elementor-section elementor-inner-section elementor-element elementor-element-7b895f0c elementor-section-boxed elementor-section-height-default elementor-section-height-default\" data-id=\"7b895f0c\" data-element_type=\"section\" data-e-type=\"section\" data-settings=\"{&quot;jet_parallax_layout_list&quot;:[]}\">\n\t\t\t\t\t\t<div class=\"elementor-container elementor-column-gap-default\">\n\t\t\t\t\t<div class=\"elementor-column elementor-col-100 elementor-inner-column elementor-element elementor-element-3d443ce5\" data-id=\"3d443ce5\" data-element_type=\"column\" data-e-type=\"column\" data-settings=\"{&quot;background_background&quot;:&quot;classic&quot;}\">\n\t\t\t<div class=\"elementor-widget-wrap elementor-element-populated\">\n\t\t\t\t\t\t<div class=\"elementor-element elementor-element-68888436 elementor-widget elementor-widget-heading\" data-id=\"68888436\" data-element_type=\"widget\" data-e-type=\"widget\" data-widget_type=\"heading.default\">\n\t\t\t\t<div class=\"elementor-widget-container\">\n\t\t\t\t\t<h2 class=\"elementor-heading-title elementor-size-default\">Javne nabavke<\/h2>\t\t\t\t<\/div>\n\t\t\t\t<\/div>\n\t\t\t\t<div class=\"elementor-element elementor-element-76204a8f elementor-icon-list--layout-traditional elementor-list-item-link-full_width elementor-widget elementor-widget-icon-list\" data-id=\"76204a8f\" data-element_type=\"widget\" data-e-type=\"widget\" data-widget_type=\"icon-list.default\">\n\t\t\t\t<div class=\"elementor-widget-container\">\n\t\t\t\t\t\t\t<ul class=\"elementor-icon-list-items\">\n\t\t\t\t\t\t\t<li class=\"elementor-icon-list-item\">\n\t\t\t\t\t\t\t\t\t\t\t<a href=\"https:\/\/epcg-sg.com\/lat\/tenderski-postupci\/\">\n\n\t\t\t\t\t\t\t\t\t\t\t<span class=\"elementor-icon-list-text\">Tenderski postupci<\/span>\n\t\t\t\t\t\t\t\t\t\t\t<\/a>\n\t\t\t\t\t\t\t\t\t<\/li>\n\t\t\t\t\t\t\t\t<li class=\"elementor-icon-list-item\">\n\t\t\t\t\t\t\t\t\t\t\t<a href=\"https:\/\/epcg-sg.com\/lat\/jednostavne-nabavke\/\">\n\n\t\t\t\t\t\t\t\t\t\t\t<span class=\"elementor-icon-list-text\">\u0408\u0435\u0434\u043d\u043e\u0441\u0442\u0430\u0432\u043d\u0435 \u043d\u0430\u0431\u0430\u0432\u043a\u0435<\/span>\n\t\t\t\t\t\t\t\t\t\t\t<\/a>\n\t\t\t\t\t\t\t\t\t<\/li>\n\t\t\t\t\t\t<\/ul>\n\t\t\t\t\t\t<\/div>\n\t\t\t\t<\/div>\n\t\t\t\t\t<\/div>\n\t\t<\/div>\n\t\t\t\t\t<\/div>\n\t\t<\/section>\n\t\t\t\t<div class=\"elementor-element elementor-element-592015bd elementor-widget elementor-widget-heading\" data-id=\"592015bd\" data-element_type=\"widget\" data-e-type=\"widget\" data-widget_type=\"heading.default\">\n\t\t\t\t<div class=\"elementor-widget-container\">\n\t\t\t\t\t<h2 class=\"elementor-heading-title elementor-size-default\">Posljednje vijesti<\/h2>\t\t\t\t<\/div>\n\t\t\t\t<\/div>\n\t\t\t\t<div class=\"elementor-element elementor-element-35fd0ec0 elementor-widget elementor-widget-jet-posts\" data-id=\"35fd0ec0\" data-element_type=\"widget\" data-e-type=\"widget\" data-settings=\"{&quot;columns&quot;:&quot;1&quot;}\" data-widget_type=\"jet-posts.default\">\n\t\t\t\t<div class=\"elementor-widget-container\">\n\t\t\t\t\t<div class=\"elementor-jet-posts jet-elements\"><div class=\"jet-posts col-row \"><div class=\"jet-posts__item\">\n\t<div class=\"jet-posts__inner-box\"><div class=\"post-thumbnail\"><a href=\"https:\/\/epcg-sg.com\/lat\/solar-gradnja-doo-postala-clan-unije-poslodavaca-crne-gore-saveznistvo-za-zelenu-tranziciju-crnogorskog-biznisa\/\" class=\"post-thumbnail__link\"><img loading=\"lazy\" decoding=\"async\" class=\"post-thumbnail__img wp-post-image\" src=\"https:\/\/epcg-sg.com\/wp-content\/uploads\/2026\/03\/original-1401006B-2A7E-4500-940C-A246EB2E0EC2.jpeg\" alt=\"Solar Gradnja DOO postala \u010dlan Unije poslodavaca Crne Gore: Savezni\u0161tvo za zelenu tranziciju crnogorskog biznisa\" loading=\"lazy\" width=\"1600\" height=\"1200\"><\/a><\/div><div class=\"jet-posts__inner-content\"><h4 class=\"entry-title\"><a href=\"https:\/\/epcg-sg.com\/lat\/solar-gradnja-doo-postala-clan-unije-poslodavaca-crne-gore-saveznistvo-za-zelenu-tranziciju-crnogorskog-biznisa\/\" target=\"\">Solar Gradnja DOO postala \u010dlan Unije poslodavaca Crne Gore: Savezni\u0161tvo za zelenu tranziciju crnogorskog biznisa<\/a><\/h4><div class=\"post-meta\"><span class=\"post__date post-meta__item\"><a href=\"https:\/\/epcg-sg.com\/lat\/2026\/03\/18\/\"  class=\"post__date-link\" ><time datetime=\"2026-03-18T15:40:07+02:00\" title=\"2026-03-18T15:40:07+02:00\">18.03.2026.<\/time><\/a><\/span><\/div><\/div><\/div>\n<\/div>\n<div class=\"jet-posts__item\">\n\t<div class=\"jet-posts__inner-box\"><div class=\"post-thumbnail\"><a href=\"https:\/\/epcg-sg.com\/lat\/epcg-solar-gradnja-angazuje-agente-za-terensku-prezentaciju\/\" class=\"post-thumbnail__link\"><img loading=\"lazy\" decoding=\"async\" class=\"post-thumbnail__img wp-post-image\" src=\"https:\/\/epcg-sg.com\/wp-content\/uploads\/2022\/06\/solar-featured.jpg\" alt=\"EPCG Solar gradnja anga\u017euje agente za terensku prezentaciju\" loading=\"lazy\" width=\"1200\" height=\"658\"><\/a><\/div><div class=\"jet-posts__inner-content\"><h4 class=\"entry-title\"><a href=\"https:\/\/epcg-sg.com\/lat\/epcg-solar-gradnja-angazuje-agente-za-terensku-prezentaciju\/\" target=\"\">EPCG Solar gradnja anga\u017euje agente za terensku prezentaciju<\/a><\/h4><div class=\"post-meta\"><span class=\"post__date post-meta__item\"><a href=\"https:\/\/epcg-sg.com\/lat\/2026\/02\/25\/\"  class=\"post__date-link\" ><time datetime=\"2026-02-25T15:40:51+02:00\" title=\"2026-02-25T15:40:51+02:00\">25.02.2026.<\/time><\/a><\/span><\/div><\/div><\/div>\n<\/div>\n<div class=\"jet-posts__item\">\n\t<div class=\"jet-posts__inner-box\"><div class=\"post-thumbnail\"><a href=\"https:\/\/epcg-sg.com\/lat\/stipendirali-tri-najbolja-studenta\/\" class=\"post-thumbnail__link\"><img loading=\"lazy\" decoding=\"async\" class=\"post-thumbnail__img wp-post-image\" src=\"https:\/\/epcg-sg.com\/wp-content\/uploads\/2026\/02\/Stipendije-1.jpg\" alt=\"Stipendirali tri najbolja studenta\" loading=\"lazy\" width=\"1800\" height=\"1200\"><\/a><\/div><div class=\"jet-posts__inner-content\"><h4 class=\"entry-title\"><a href=\"https:\/\/epcg-sg.com\/lat\/stipendirali-tri-najbolja-studenta\/\" target=\"\">Stipendirali tri najbolja studenta<\/a><\/h4><div class=\"post-meta\"><span class=\"post__date post-meta__item\"><a href=\"https:\/\/epcg-sg.com\/lat\/2026\/02\/19\/\"  class=\"post__date-link\" ><time datetime=\"2026-02-19T14:46:58+02:00\" title=\"2026-02-19T14:46:58+02:00\">19.02.2026.<\/time><\/a><\/span><\/div><\/div><\/div>\n<\/div>\n<\/div>\n<\/div>\t\t\t\t<\/div>\n\t\t\t\t<\/div>\n\t\t\t\t\t<\/div>\n\t\t<\/div>\n\t\t\t\t\t<\/div>\n\t\t<\/section>\n\t\t\t\t<\/div>\n\t\t","protected":false},"excerpt":{"rendered":"<p>Tenderski postupci Na ovoj stranici mo\u017eete prona\u0107i sve informacije vezane za tenderske postupke. Tenderski postupak za nabavku goriva (postupak okon\u010dan) Tenderski postupak za nabavku usluga iznajmljivanja vozila (postupak okon\u010dan) Tenderski postupak za nabavku usluga iznajmljivanja gra\u0111evinske operative\/mehanizacije (postupak u toku) Javne nabavke Tenderski postupci \u0408\u0435\u0434\u043d\u043e\u0441\u0442\u0430\u0432\u043d\u0435 \u043d\u0430\u0431\u0430\u0432\u043a\u0435 Posljednje vijesti \u041f\u0440\u043e\u0458\u0435\u043a\u0430\u0442 \u0421\u043e\u043b\u0430\u0440\u0438 3000+ \u0438 500+ \u043f\u0440\u0435\u0437\u0435\u043d\u0442\u043e\u0432\u0430\u043d \u043d\u0430 [&hellip;]<\/p>\n","protected":false},"author":1,"featured_media":609,"parent":0,"menu_order":0,"comment_status":"closed","ping_status":"closed","template":"elementor_header_footer","meta":{"footnotes":""},"class_list":["post-635","page","type-page","status-publish","has-post-thumbnail","hentry"],"yoast_head":"<!-- This site is optimized with the Yoast SEO plugin v27.2 - https:\/\/yoast.com\/product\/yoast-seo-wordpress\/ -->\n<title>Tenderski postupci - Solar gradnja<\/title>\n<meta name=\"description\" content=\"Na ovoj stranici \u0107ete prona\u0107i sve tenderske postupke firme Solar gradnja.\" \/>\n<meta name=\"robots\" content=\"index, follow, max-snippet:-1, max-image-preview:large, max-video-preview:-1\" \/>\n<link rel=\"canonical\" href=\"https:\/\/epcg-sg.com\/lat\/tenderski-postupci\/\" \/>\n<meta property=\"og:locale\" content=\"en_US\" \/>\n<meta property=\"og:type\" content=\"article\" \/>\n<meta property=\"og:title\" content=\"Tenderski postupci - Solar gradnja\" \/>\n<meta property=\"og:description\" content=\"Na ovoj stranici \u0107ete prona\u0107i sve tenderske postupke firme Solar gradnja.\" \/>\n<meta property=\"og:url\" content=\"https:\/\/epcg-sg.com\/lat\/tenderski-postupci\/\" \/>\n<meta property=\"og:site_name\" content=\"Solar gradnja\" \/>\n<meta property=\"article:publisher\" content=\"https:\/\/www.facebook.com\/solargradnjaofficialpage\" \/>\n<meta property=\"article:modified_time\" content=\"2022-06-09T06:43:51+00:00\" \/>\n<meta property=\"og:image\" content=\"https:\/\/epcg-sg.com\/wp-content\/uploads\/2022\/04\/solar-gradnja-logo.png\" \/>\n\t<meta property=\"og:image:width\" content=\"170\" \/>\n\t<meta property=\"og:image:height\" content=\"99\" \/>\n\t<meta property=\"og:image:type\" content=\"image\/png\" \/>\n<meta name=\"twitter:card\" content=\"summary_large_image\" \/>\n<meta name=\"twitter:site\" content=\"@EpcgSolar\" \/>\n<script type=\"application\/ld+json\" class=\"yoast-schema-graph\">{\"@context\":\"https:\/\/schema.org\",\"@graph\":[{\"@type\":\"WebPage\",\"@id\":\"https:\/\/epcg-sg.com\/lat\/tenderski-postupci\/\",\"url\":\"https:\/\/epcg-sg.com\/lat\/tenderski-postupci\/\",\"name\":\"Tenderski postupci - Solar gradnja\",\"isPartOf\":{\"@id\":\"https:\/\/epcg-sg.com\/lat\/#website\"},\"primaryImageOfPage\":{\"@id\":\"https:\/\/epcg-sg.com\/lat\/tenderski-postupci\/#primaryimage\"},\"image\":{\"@id\":\"https:\/\/epcg-sg.com\/lat\/tenderski-postupci\/#primaryimage\"},\"thumbnailUrl\":\"https:\/\/epcg-sg.com\/wp-content\/uploads\/2022\/04\/solar-gradnja-logo.png\",\"datePublished\":\"2022-04-12T19:06:06+00:00\",\"dateModified\":\"2022-06-09T06:43:51+00:00\",\"description\":\"Na ovoj stranici \u0107ete prona\u0107i sve tenderske postupke firme Solar gradnja.\",\"breadcrumb\":{\"@id\":\"https:\/\/epcg-sg.com\/lat\/tenderski-postupci\/#breadcrumb\"},\"inLanguage\":\"lat\",\"potentialAction\":[{\"@type\":\"ReadAction\",\"target\":[\"https:\/\/epcg-sg.com\/lat\/tenderski-postupci\/\"]}]},{\"@type\":\"ImageObject\",\"inLanguage\":\"lat\",\"@id\":\"https:\/\/epcg-sg.com\/lat\/tenderski-postupci\/#primaryimage\",\"url\":\"https:\/\/epcg-sg.com\/wp-content\/uploads\/2022\/04\/solar-gradnja-logo.png\",\"contentUrl\":\"https:\/\/epcg-sg.com\/wp-content\/uploads\/2022\/04\/solar-gradnja-logo.png\",\"width\":170,\"height\":99},{\"@type\":\"BreadcrumbList\",\"@id\":\"https:\/\/epcg-sg.com\/lat\/tenderski-postupci\/#breadcrumb\",\"itemListElement\":[{\"@type\":\"ListItem\",\"position\":1,\"name\":\"PO\u010cETNA\",\"item\":\"https:\/\/epcg-sg.com\/lat\/\"},{\"@type\":\"ListItem\",\"position\":2,\"name\":\"Tenderski postupci\"}]},{\"@type\":\"WebSite\",\"@id\":\"https:\/\/epcg-sg.com\/lat\/#website\",\"url\":\"https:\/\/epcg-sg.com\/lat\/\",\"name\":\"\u0415\u041f\u0426\u0413 \u0421\u043e\u043b\u0430\u0440 \u0433\u0440\u0430\u0434\u045a\u0430\",\"description\":\"Elektroprivreda Crne Gore\",\"publisher\":{\"@id\":\"https:\/\/epcg-sg.com\/lat\/#organization\"},\"potentialAction\":[{\"@type\":\"SearchAction\",\"target\":{\"@type\":\"EntryPoint\",\"urlTemplate\":\"https:\/\/epcg-sg.com\/lat\/?s={search_term_string}\"},\"query-input\":{\"@type\":\"PropertyValueSpecification\",\"valueRequired\":true,\"valueName\":\"search_term_string\"}}],\"inLanguage\":\"lat\"},{\"@type\":\"Organization\",\"@id\":\"https:\/\/epcg-sg.com\/lat\/#organization\",\"name\":\"EPCG Solar gradnja\",\"url\":\"https:\/\/epcg-sg.com\/lat\/\",\"logo\":{\"@type\":\"ImageObject\",\"inLanguage\":\"lat\",\"@id\":\"https:\/\/epcg-sg.com\/lat\/#\/schema\/logo\/image\/\",\"url\":\"\",\"contentUrl\":\"\",\"caption\":\"EPCG Solar gradnja\"},\"image\":{\"@id\":\"https:\/\/epcg-sg.com\/lat\/#\/schema\/logo\/image\/\"},\"sameAs\":[\"https:\/\/www.facebook.com\/solargradnjaofficialpage\",\"https:\/\/x.com\/EpcgSolar\"]}]}<\/script>\n<!-- \/ Yoast SEO plugin. -->","yoast_head_json":{"title":"Tenderski postupci - Solar gradnja","description":"Na ovoj stranici \u0107ete prona\u0107i sve tenderske postupke firme Solar gradnja.","robots":{"index":"index","follow":"follow","max-snippet":"max-snippet:-1","max-image-preview":"max-image-preview:large","max-video-preview":"max-video-preview:-1"},"canonical":"https:\/\/epcg-sg.com\/lat\/tenderski-postupci\/","og_locale":"en_US","og_type":"article","og_title":"Tenderski postupci - Solar gradnja","og_description":"Na ovoj stranici \u0107ete prona\u0107i sve tenderske postupke firme Solar gradnja.","og_url":"https:\/\/epcg-sg.com\/lat\/tenderski-postupci\/","og_site_name":"Solar gradnja","article_publisher":"https:\/\/www.facebook.com\/solargradnjaofficialpage","article_modified_time":"2022-06-09T06:43:51+00:00","og_image":[{"width":170,"height":99,"url":"https:\/\/epcg-sg.com\/wp-content\/uploads\/2022\/04\/solar-gradnja-logo.png","type":"image\/png"}],"twitter_card":"summary_large_image","twitter_site":"@EpcgSolar","schema":{"@context":"https:\/\/schema.org","@graph":[{"@type":"WebPage","@id":"https:\/\/epcg-sg.com\/lat\/tenderski-postupci\/","url":"https:\/\/epcg-sg.com\/lat\/tenderski-postupci\/","name":"Tenderski postupci - Solar gradnja","isPartOf":{"@id":"https:\/\/epcg-sg.com\/lat\/#website"},"primaryImageOfPage":{"@id":"https:\/\/epcg-sg.com\/lat\/tenderski-postupci\/#primaryimage"},"image":{"@id":"https:\/\/epcg-sg.com\/lat\/tenderski-postupci\/#primaryimage"},"thumbnailUrl":"https:\/\/epcg-sg.com\/wp-content\/uploads\/2022\/04\/solar-gradnja-logo.png","datePublished":"2022-04-12T19:06:06+00:00","dateModified":"2022-06-09T06:43:51+00:00","description":"Na ovoj stranici \u0107ete prona\u0107i sve tenderske postupke firme Solar gradnja.","breadcrumb":{"@id":"https:\/\/epcg-sg.com\/lat\/tenderski-postupci\/#breadcrumb"},"inLanguage":"lat","potentialAction":[{"@type":"ReadAction","target":["https:\/\/epcg-sg.com\/lat\/tenderski-postupci\/"]}]},{"@type":"ImageObject","inLanguage":"lat","@id":"https:\/\/epcg-sg.com\/lat\/tenderski-postupci\/#primaryimage","url":"https:\/\/epcg-sg.com\/wp-content\/uploads\/2022\/04\/solar-gradnja-logo.png","contentUrl":"https:\/\/epcg-sg.com\/wp-content\/uploads\/2022\/04\/solar-gradnja-logo.png","width":170,"height":99},{"@type":"BreadcrumbList","@id":"https:\/\/epcg-sg.com\/lat\/tenderski-postupci\/#breadcrumb","itemListElement":[{"@type":"ListItem","position":1,"name":"PO\u010cETNA","item":"https:\/\/epcg-sg.com\/lat\/"},{"@type":"ListItem","position":2,"name":"Tenderski postupci"}]},{"@type":"WebSite","@id":"https:\/\/epcg-sg.com\/lat\/#website","url":"https:\/\/epcg-sg.com\/lat\/","name":"\u0415\u041f\u0426\u0413 \u0421\u043e\u043b\u0430\u0440 \u0433\u0440\u0430\u0434\u045a\u0430","description":"Elektroprivreda Crne Gore","publisher":{"@id":"https:\/\/epcg-sg.com\/lat\/#organization"},"potentialAction":[{"@type":"SearchAction","target":{"@type":"EntryPoint","urlTemplate":"https:\/\/epcg-sg.com\/lat\/?s={search_term_string}"},"query-input":{"@type":"PropertyValueSpecification","valueRequired":true,"valueName":"search_term_string"}}],"inLanguage":"lat"},{"@type":"Organization","@id":"https:\/\/epcg-sg.com\/lat\/#organization","name":"EPCG Solar gradnja","url":"https:\/\/epcg-sg.com\/lat\/","logo":{"@type":"ImageObject","inLanguage":"lat","@id":"https:\/\/epcg-sg.com\/lat\/#\/schema\/logo\/image\/","url":"","contentUrl":"","caption":"EPCG Solar gradnja"},"image":{"@id":"https:\/\/epcg-sg.com\/lat\/#\/schema\/logo\/image\/"},"sameAs":["https:\/\/www.facebook.com\/solargradnjaofficialpage","https:\/\/x.com\/EpcgSolar"]}]}},"_links":{"self":[{"href":"https:\/\/epcg-sg.com\/lat\/wp-json\/wp\/v2\/pages\/635","targetHints":{"allow":["GET"]}}],"collection":[{"href":"https:\/\/epcg-sg.com\/lat\/wp-json\/wp\/v2\/pages"}],"about":[{"href":"https:\/\/epcg-sg.com\/lat\/wp-json\/wp\/v2\/types\/page"}],"author":[{"embeddable":true,"href":"https:\/\/epcg-sg.com\/lat\/wp-json\/wp\/v2\/users\/1"}],"replies":[{"embeddable":true,"href":"https:\/\/epcg-sg.com\/lat\/wp-json\/wp\/v2\/comments?post=635"}],"version-history":[{"count":3,"href":"https:\/\/epcg-sg.com\/lat\/wp-json\/wp\/v2\/pages\/635\/revisions"}],"predecessor-version":[{"id":1596,"href":"https:\/\/epcg-sg.com\/lat\/wp-json\/wp\/v2\/pages\/635\/revisions\/1596"}],"wp:featuredmedia":[{"embeddable":true,"href":"https:\/\/epcg-sg.com\/lat\/wp-json\/wp\/v2\/media\/609"}],"wp:attachment":[{"href":"https:\/\/epcg-sg.com\/lat\/wp-json\/wp\/v2\/media?parent=635"}],"curies":[{"name":"wp","href":"https:\/\/api.w.org\/{rel}","templated":true}]}}