{"id":631,"date":"2022-04-12T20:55:51","date_gmt":"2022-04-12T18:55:51","guid":{"rendered":"https:\/\/solar.logate.com\/pr-sluzba\/"},"modified":"2024-10-01T13:22:01","modified_gmt":"2024-10-01T11:22:01","slug":"pr-sluzba","status":"publish","type":"page","link":"https:\/\/epcg-sg.com\/lat\/pr-sluzba\/","title":{"rendered":"PR slu\u017eba"},"content":{"rendered":"\t\t<div data-elementor-type=\"wp-page\" data-elementor-id=\"631\" class=\"elementor elementor-631 elementor-84\" data-elementor-post-type=\"page\">\n\t\t\t\t\t\t<section class=\"elementor-section elementor-top-section elementor-element elementor-element-7b5e85ce elementor-section-boxed elementor-section-height-default elementor-section-height-default\" data-id=\"7b5e85ce\" data-element_type=\"section\" data-e-type=\"section\" data-settings=\"{&quot;jet_parallax_layout_list&quot;:[],&quot;background_background&quot;:&quot;classic&quot;}\">\n\t\t\t\t\t\t<div class=\"elementor-container elementor-column-gap-default\">\n\t\t\t\t\t<div class=\"elementor-column elementor-col-100 elementor-top-column elementor-element elementor-element-5b80dd91\" data-id=\"5b80dd91\" data-element_type=\"column\" data-e-type=\"column\">\n\t\t\t<div class=\"elementor-widget-wrap elementor-element-populated\">\n\t\t\t\t\t\t<div class=\"elementor-element elementor-element-6f3c9530 elementor-widget elementor-widget-heading\" data-id=\"6f3c9530\" data-element_type=\"widget\" data-e-type=\"widget\" data-widget_type=\"heading.default\">\n\t\t\t\t<div class=\"elementor-widget-container\">\n\t\t\t\t\t<h2 class=\"elementor-heading-title elementor-size-default\">Kontakti za medije<\/h2>\t\t\t\t<\/div>\n\t\t\t\t<\/div>\n\t\t\t\t<div class=\"elementor-element elementor-element-372a5486 elementor-widget-divider--view-line elementor-widget elementor-widget-divider\" data-id=\"372a5486\" data-element_type=\"widget\" data-e-type=\"widget\" data-widget_type=\"divider.default\">\n\t\t\t\t<div class=\"elementor-widget-container\">\n\t\t\t\t\t\t\t<div class=\"elementor-divider\">\n\t\t\t<span class=\"elementor-divider-separator\">\n\t\t\t\t\t\t<\/span>\n\t\t<\/div>\n\t\t\t\t\t\t<\/div>\n\t\t\t\t<\/div>\n\t\t\t\t\t<\/div>\n\t\t<\/div>\n\t\t\t\t\t<\/div>\n\t\t<\/section>\n\t\t\t\t<section class=\"elementor-section elementor-top-section elementor-element elementor-element-401cd9d6 elementor-section-boxed elementor-section-height-default elementor-section-height-default\" data-id=\"401cd9d6\" data-element_type=\"section\" data-e-type=\"section\" data-settings=\"{&quot;jet_parallax_layout_list&quot;:[]}\">\n\t\t\t\t\t\t<div class=\"elementor-container elementor-column-gap-wide\">\n\t\t\t\t\t<div class=\"elementor-column elementor-col-50 elementor-top-column elementor-element elementor-element-a3d5f01\" data-id=\"a3d5f01\" data-element_type=\"column\" data-e-type=\"column\">\n\t\t\t<div class=\"elementor-widget-wrap elementor-element-populated\">\n\t\t\t\t\t\t<div class=\"elementor-element elementor-element-02304e7 elementor-widget elementor-widget-text-editor\" data-id=\"02304e7\" data-element_type=\"widget\" data-e-type=\"widget\" data-widget_type=\"text-editor.default\">\n\t\t\t\t<div class=\"elementor-widget-container\">\n\t\t\t\t\t\t\t\t\t<p>Za sve potrebne informacije mo\u017eete se obratiti slu\u017ebi za odnose s javno\u0161\u0107u, na adresu <a href=\"mailto:pr@epcg-sg.com\" target=\"_blank\" rel=\"noopener\">pr@epcg-sg.com.<\/a><\/p>\n\t\t\t\t\t\t\t\t<\/div>\n\t\t\t\t<\/div>\n\t\t\t\t\t<\/div>\n\t\t<\/div>\n\t\t\t\t<div class=\"elementor-column elementor-col-50 elementor-top-column elementor-element elementor-element-734d05f\" data-id=\"734d05f\" data-element_type=\"column\" data-e-type=\"column\">\n\t\t\t<div class=\"elementor-widget-wrap elementor-element-populated\">\n\t\t\t\t\t\t<section class=\"elementor-section elementor-inner-section elementor-element elementor-element-623ea6a4 elementor-section-boxed elementor-section-height-default elementor-section-height-default\" data-id=\"623ea6a4\" data-element_type=\"section\" data-e-type=\"section\" data-settings=\"{&quot;jet_parallax_layout_list&quot;:[]}\">\n\t\t\t\t\t\t<div class=\"elementor-container elementor-column-gap-default\">\n\t\t\t\t\t<div class=\"elementor-column elementor-col-100 elementor-inner-column elementor-element elementor-element-5a2c6ec1\" data-id=\"5a2c6ec1\" data-element_type=\"column\" data-e-type=\"column\" data-settings=\"{&quot;background_background&quot;:&quot;classic&quot;}\">\n\t\t\t<div class=\"elementor-widget-wrap elementor-element-populated\">\n\t\t\t\t\t\t<div class=\"elementor-element elementor-element-713b553a elementor-widget elementor-widget-heading\" data-id=\"713b553a\" data-element_type=\"widget\" data-e-type=\"widget\" data-widget_type=\"heading.default\">\n\t\t\t\t<div class=\"elementor-widget-container\">\n\t\t\t\t\t<h2 class=\"elementor-heading-title elementor-size-default\">Mediji<\/h2>\t\t\t\t<\/div>\n\t\t\t\t<\/div>\n\t\t\t\t<div class=\"elementor-element elementor-element-4e9ed7bf elementor-icon-list--layout-traditional elementor-list-item-link-full_width elementor-widget elementor-widget-icon-list\" data-id=\"4e9ed7bf\" data-element_type=\"widget\" data-e-type=\"widget\" data-widget_type=\"icon-list.default\">\n\t\t\t\t<div class=\"elementor-widget-container\">\n\t\t\t\t\t\t\t<ul class=\"elementor-icon-list-items\">\n\t\t\t\t\t\t\t<li class=\"elementor-icon-list-item\">\n\t\t\t\t\t\t\t\t\t\t\t<a href=\"https:\/\/epcg-sg.com\/lat\/najnovije-vijesti\/\">\n\n\t\t\t\t\t\t\t\t\t\t\t<span class=\"elementor-icon-list-text\">Vijesti<\/span>\n\t\t\t\t\t\t\t\t\t\t\t<\/a>\n\t\t\t\t\t\t\t\t\t<\/li>\n\t\t\t\t\t\t\t\t<li class=\"elementor-icon-list-item\">\n\t\t\t\t\t\t\t\t\t\t\t<a href=\"https:\/\/epcg-sg.com\/lat\/pr-sluzba\/\">\n\n\t\t\t\t\t\t\t\t\t\t\t<span class=\"elementor-icon-list-text\">Kontakti za medije<\/span>\n\t\t\t\t\t\t\t\t\t\t\t<\/a>\n\t\t\t\t\t\t\t\t\t<\/li>\n\t\t\t\t\t\t\t\t<li class=\"elementor-icon-list-item\">\n\t\t\t\t\t\t\t\t\t\t\t<a href=\"https:\/\/epcg-sg.com\/lat\/foto-i-video-galerija\/\">\n\n\t\t\t\t\t\t\t\t\t\t\t<span class=\"elementor-icon-list-text\">Foto i video galerija<\/span>\n\t\t\t\t\t\t\t\t\t\t\t<\/a>\n\t\t\t\t\t\t\t\t\t<\/li>\n\t\t\t\t\t\t\t\t<li class=\"elementor-icon-list-item\">\n\t\t\t\t\t\t\t\t\t\t\t<a href=\"https:\/\/epcg-sg.com\/lat\/logo\/\">\n\n\t\t\t\t\t\t\t\t\t\t\t<span class=\"elementor-icon-list-text\">Logo<\/span>\n\t\t\t\t\t\t\t\t\t\t\t<\/a>\n\t\t\t\t\t\t\t\t\t<\/li>\n\t\t\t\t\t\t<\/ul>\n\t\t\t\t\t\t<\/div>\n\t\t\t\t<\/div>\n\t\t\t\t\t<\/div>\n\t\t<\/div>\n\t\t\t\t\t<\/div>\n\t\t<\/section>\n\t\t\t\t<div class=\"elementor-element elementor-element-59e66e58 elementor-widget elementor-widget-heading\" data-id=\"59e66e58\" data-element_type=\"widget\" data-e-type=\"widget\" data-widget_type=\"heading.default\">\n\t\t\t\t<div class=\"elementor-widget-container\">\n\t\t\t\t\t<h2 class=\"elementor-heading-title elementor-size-default\">Posljednje vijesti<\/h2>\t\t\t\t<\/div>\n\t\t\t\t<\/div>\n\t\t\t\t<div class=\"elementor-element elementor-element-d86c0b4 elementor-widget elementor-widget-jet-posts\" data-id=\"d86c0b4\" data-element_type=\"widget\" data-e-type=\"widget\" data-settings=\"{&quot;columns&quot;:&quot;1&quot;}\" data-widget_type=\"jet-posts.default\">\n\t\t\t\t<div class=\"elementor-widget-container\">\n\t\t\t\t\t<div class=\"elementor-jet-posts jet-elements\"><div class=\"jet-posts col-row \"><div class=\"jet-posts__item\">\n\t<div class=\"jet-posts__inner-box\"><div class=\"post-thumbnail\"><a href=\"https:\/\/epcg-sg.com\/lat\/solar-gradnja-doo-postala-clan-unije-poslodavaca-crne-gore-saveznistvo-za-zelenu-tranziciju-crnogorskog-biznisa\/\" class=\"post-thumbnail__link\"><img loading=\"lazy\" decoding=\"async\" class=\"post-thumbnail__img wp-post-image\" src=\"https:\/\/epcg-sg.com\/wp-content\/uploads\/2026\/03\/original-1401006B-2A7E-4500-940C-A246EB2E0EC2.jpeg\" alt=\"Solar Gradnja DOO postala \u010dlan Unije poslodavaca Crne Gore: Savezni\u0161tvo za zelenu tranziciju crnogorskog biznisa\" loading=\"lazy\" width=\"1600\" height=\"1200\"><\/a><\/div><div class=\"jet-posts__inner-content\"><h4 class=\"entry-title\"><a href=\"https:\/\/epcg-sg.com\/lat\/solar-gradnja-doo-postala-clan-unije-poslodavaca-crne-gore-saveznistvo-za-zelenu-tranziciju-crnogorskog-biznisa\/\" target=\"\">Solar Gradnja DOO postala \u010dlan Unije poslodavaca Crne Gore: Savezni\u0161tvo za zelenu tranziciju crnogorskog biznisa<\/a><\/h4><div class=\"post-meta\"><span class=\"post__date post-meta__item\"><a href=\"https:\/\/epcg-sg.com\/lat\/2026\/03\/18\/\"  class=\"post__date-link\" ><time datetime=\"2026-03-18T15:40:07+02:00\" title=\"2026-03-18T15:40:07+02:00\">18.03.2026.<\/time><\/a><\/span><\/div><\/div><\/div>\n<\/div>\n<div class=\"jet-posts__item\">\n\t<div class=\"jet-posts__inner-box\"><div class=\"post-thumbnail\"><a href=\"https:\/\/epcg-sg.com\/lat\/epcg-solar-gradnja-angazuje-agente-za-terensku-prezentaciju\/\" class=\"post-thumbnail__link\"><img loading=\"lazy\" decoding=\"async\" class=\"post-thumbnail__img wp-post-image\" src=\"https:\/\/epcg-sg.com\/wp-content\/uploads\/2022\/06\/solar-featured.jpg\" alt=\"EPCG Solar gradnja anga\u017euje agente za terensku prezentaciju\" loading=\"lazy\" width=\"1200\" height=\"658\"><\/a><\/div><div class=\"jet-posts__inner-content\"><h4 class=\"entry-title\"><a href=\"https:\/\/epcg-sg.com\/lat\/epcg-solar-gradnja-angazuje-agente-za-terensku-prezentaciju\/\" target=\"\">EPCG Solar gradnja anga\u017euje agente za terensku prezentaciju<\/a><\/h4><div class=\"post-meta\"><span class=\"post__date post-meta__item\"><a href=\"https:\/\/epcg-sg.com\/lat\/2026\/02\/25\/\"  class=\"post__date-link\" ><time datetime=\"2026-02-25T15:40:51+02:00\" title=\"2026-02-25T15:40:51+02:00\">25.02.2026.<\/time><\/a><\/span><\/div><\/div><\/div>\n<\/div>\n<div class=\"jet-posts__item\">\n\t<div class=\"jet-posts__inner-box\"><div class=\"post-thumbnail\"><a href=\"https:\/\/epcg-sg.com\/lat\/stipendirali-tri-najbolja-studenta\/\" class=\"post-thumbnail__link\"><img loading=\"lazy\" decoding=\"async\" class=\"post-thumbnail__img wp-post-image\" src=\"https:\/\/epcg-sg.com\/wp-content\/uploads\/2026\/02\/Stipendije-1.jpg\" alt=\"Stipendirali tri najbolja studenta\" loading=\"lazy\" width=\"1800\" height=\"1200\"><\/a><\/div><div class=\"jet-posts__inner-content\"><h4 class=\"entry-title\"><a href=\"https:\/\/epcg-sg.com\/lat\/stipendirali-tri-najbolja-studenta\/\" target=\"\">Stipendirali tri najbolja studenta<\/a><\/h4><div class=\"post-meta\"><span class=\"post__date post-meta__item\"><a href=\"https:\/\/epcg-sg.com\/lat\/2026\/02\/19\/\"  class=\"post__date-link\" ><time datetime=\"2026-02-19T14:46:58+02:00\" title=\"2026-02-19T14:46:58+02:00\">19.02.2026.<\/time><\/a><\/span><\/div><\/div><\/div>\n<\/div>\n<\/div>\n<\/div>\t\t\t\t<\/div>\n\t\t\t\t<\/div>\n\t\t\t\t\t<\/div>\n\t\t<\/div>\n\t\t\t\t\t<\/div>\n\t\t<\/section>\n\t\t\t\t<\/div>\n\t\t","protected":false},"excerpt":{"rendered":"<p>Kontakti za medije Za sve potrebne informacije mo\u017eete se obratiti slu\u017ebi za odnose s javno\u0161\u0107u, na adresu pr@epcg-sg.com. Mediji Vijesti Kontakti za medije Foto i video galerija Logo Posljednje vijesti \u041f\u043e\u0432\u043e\u0434\u043e\u043c \u0442\u0440\u0438 \u0433\u043e\u0434\u0438\u043d\u0435 \u043e\u0434 \u043e\u0441\u043d\u0438\u0432\u0430\u045a\u0430 \u0415\u041f\u0426\u0413 \u0421\u043e\u043b\u0430\u0440 \u0433\u0440\u0430\u0434\u045a\u0435, \u043e\u0434\u0440\u0436\u0430\u043d\u0430 \u0441\u0432\u0435\u0447\u0430\u043d\u0430 \u0441\u0458\u0435\u0434\u043d\u0438\u0446\u0430 23.09.2024. \u0421\u043e\u043b\u0430\u0440 \u0413\u0440\u0430\u0434\u045a\u0430 \u043f\u043e\u0437\u0438\u0442\u0438\u0432\u043d\u0430 \u0437\u0430 \u043f\u0440\u0432\u0438\u0445 7 \u043c\u0458\u0435\u0441\u0435\u0446\u0438 \u043f\u043e\u0441\u043b\u043e\u0432\u043d\u0435 2024 \u0433\u043e\u0434\u0438\u043d\u0435! 12.08.2024. \u0415\u043f\u0446\u0433 \u0421\u043e\u043b\u0430\u0440 [&hellip;]<\/p>\n","protected":false},"author":1,"featured_media":0,"parent":0,"menu_order":0,"comment_status":"closed","ping_status":"closed","template":"elementor_header_footer","meta":{"footnotes":""},"class_list":["post-631","page","type-page","status-publish","hentry"],"yoast_head":"<!-- This site is optimized with the Yoast SEO plugin v27.2 - https:\/\/yoast.com\/product\/yoast-seo-wordpress\/ -->\n<title>PR slu\u017eba - Solar gradnja<\/title>\n<meta name=\"description\" content=\"Kontakti za medije: pr@epcg-sg.com.\" \/>\n<meta name=\"robots\" content=\"index, follow, max-snippet:-1, max-image-preview:large, max-video-preview:-1\" \/>\n<link rel=\"canonical\" href=\"https:\/\/epcg-sg.com\/lat\/pr-sluzba\/\" \/>\n<meta property=\"og:locale\" content=\"en_US\" \/>\n<meta property=\"og:type\" content=\"article\" \/>\n<meta property=\"og:title\" content=\"PR slu\u017eba - Solar gradnja\" \/>\n<meta property=\"og:description\" content=\"Kontakti za medije: pr@epcg-sg.com.\" \/>\n<meta property=\"og:url\" content=\"https:\/\/epcg-sg.com\/lat\/pr-sluzba\/\" \/>\n<meta property=\"og:site_name\" content=\"Solar gradnja\" \/>\n<meta property=\"article:publisher\" content=\"https:\/\/www.facebook.com\/solargradnjaofficialpage\" \/>\n<meta property=\"article:modified_time\" content=\"2024-10-01T11:22:01+00:00\" \/>\n<meta property=\"og:image\" content=\"https:\/\/epcg-sg.com\/wp-content\/uploads\/2024\/09\/013.jpg\" \/>\n<meta name=\"twitter:card\" content=\"summary_large_image\" \/>\n<meta name=\"twitter:site\" content=\"@EpcgSolar\" \/>\n<script type=\"application\/ld+json\" class=\"yoast-schema-graph\">{\"@context\":\"https:\/\/schema.org\",\"@graph\":[{\"@type\":\"WebPage\",\"@id\":\"https:\/\/epcg-sg.com\/lat\/pr-sluzba\/\",\"url\":\"https:\/\/epcg-sg.com\/lat\/pr-sluzba\/\",\"name\":\"PR slu\u017eba - Solar gradnja\",\"isPartOf\":{\"@id\":\"https:\/\/epcg-sg.com\/lat\/#website\"},\"primaryImageOfPage\":{\"@id\":\"https:\/\/epcg-sg.com\/lat\/pr-sluzba\/#primaryimage\"},\"image\":{\"@id\":\"https:\/\/epcg-sg.com\/lat\/pr-sluzba\/#primaryimage\"},\"thumbnailUrl\":\"https:\/\/epcg-sg.com\/wp-content\/uploads\/2024\/09\/013.jpg\",\"datePublished\":\"2022-04-12T18:55:51+00:00\",\"dateModified\":\"2024-10-01T11:22:01+00:00\",\"description\":\"Kontakti za medije: pr@epcg-sg.com.\",\"breadcrumb\":{\"@id\":\"https:\/\/epcg-sg.com\/lat\/pr-sluzba\/#breadcrumb\"},\"inLanguage\":\"lat\",\"potentialAction\":[{\"@type\":\"ReadAction\",\"target\":[\"https:\/\/epcg-sg.com\/lat\/pr-sluzba\/\"]}]},{\"@type\":\"ImageObject\",\"inLanguage\":\"lat\",\"@id\":\"https:\/\/epcg-sg.com\/lat\/pr-sluzba\/#primaryimage\",\"url\":\"https:\/\/epcg-sg.com\/wp-content\/uploads\/2024\/09\/013.jpg\",\"contentUrl\":\"https:\/\/epcg-sg.com\/wp-content\/uploads\/2024\/09\/013.jpg\"},{\"@type\":\"BreadcrumbList\",\"@id\":\"https:\/\/epcg-sg.com\/lat\/pr-sluzba\/#breadcrumb\",\"itemListElement\":[{\"@type\":\"ListItem\",\"position\":1,\"name\":\"PO\u010cETNA\",\"item\":\"https:\/\/epcg-sg.com\/lat\/\"},{\"@type\":\"ListItem\",\"position\":2,\"name\":\"PR slu\u017eba\"}]},{\"@type\":\"WebSite\",\"@id\":\"https:\/\/epcg-sg.com\/lat\/#website\",\"url\":\"https:\/\/epcg-sg.com\/lat\/\",\"name\":\"\u0415\u041f\u0426\u0413 \u0421\u043e\u043b\u0430\u0440 \u0433\u0440\u0430\u0434\u045a\u0430\",\"description\":\"Elektroprivreda Crne Gore\",\"publisher\":{\"@id\":\"https:\/\/epcg-sg.com\/lat\/#organization\"},\"potentialAction\":[{\"@type\":\"SearchAction\",\"target\":{\"@type\":\"EntryPoint\",\"urlTemplate\":\"https:\/\/epcg-sg.com\/lat\/?s={search_term_string}\"},\"query-input\":{\"@type\":\"PropertyValueSpecification\",\"valueRequired\":true,\"valueName\":\"search_term_string\"}}],\"inLanguage\":\"lat\"},{\"@type\":\"Organization\",\"@id\":\"https:\/\/epcg-sg.com\/lat\/#organization\",\"name\":\"EPCG Solar gradnja\",\"url\":\"https:\/\/epcg-sg.com\/lat\/\",\"logo\":{\"@type\":\"ImageObject\",\"inLanguage\":\"lat\",\"@id\":\"https:\/\/epcg-sg.com\/lat\/#\/schema\/logo\/image\/\",\"url\":\"\",\"contentUrl\":\"\",\"caption\":\"EPCG Solar gradnja\"},\"image\":{\"@id\":\"https:\/\/epcg-sg.com\/lat\/#\/schema\/logo\/image\/\"},\"sameAs\":[\"https:\/\/www.facebook.com\/solargradnjaofficialpage\",\"https:\/\/x.com\/EpcgSolar\"]}]}<\/script>\n<!-- \/ Yoast SEO plugin. -->","yoast_head_json":{"title":"PR slu\u017eba - Solar gradnja","description":"Kontakti za medije: pr@epcg-sg.com.","robots":{"index":"index","follow":"follow","max-snippet":"max-snippet:-1","max-image-preview":"max-image-preview:large","max-video-preview":"max-video-preview:-1"},"canonical":"https:\/\/epcg-sg.com\/lat\/pr-sluzba\/","og_locale":"en_US","og_type":"article","og_title":"PR slu\u017eba - Solar gradnja","og_description":"Kontakti za medije: pr@epcg-sg.com.","og_url":"https:\/\/epcg-sg.com\/lat\/pr-sluzba\/","og_site_name":"Solar gradnja","article_publisher":"https:\/\/www.facebook.com\/solargradnjaofficialpage","article_modified_time":"2024-10-01T11:22:01+00:00","og_image":[{"url":"https:\/\/epcg-sg.com\/wp-content\/uploads\/2024\/09\/013.jpg","type":"","width":"","height":""}],"twitter_card":"summary_large_image","twitter_site":"@EpcgSolar","schema":{"@context":"https:\/\/schema.org","@graph":[{"@type":"WebPage","@id":"https:\/\/epcg-sg.com\/lat\/pr-sluzba\/","url":"https:\/\/epcg-sg.com\/lat\/pr-sluzba\/","name":"PR slu\u017eba - Solar gradnja","isPartOf":{"@id":"https:\/\/epcg-sg.com\/lat\/#website"},"primaryImageOfPage":{"@id":"https:\/\/epcg-sg.com\/lat\/pr-sluzba\/#primaryimage"},"image":{"@id":"https:\/\/epcg-sg.com\/lat\/pr-sluzba\/#primaryimage"},"thumbnailUrl":"https:\/\/epcg-sg.com\/wp-content\/uploads\/2024\/09\/013.jpg","datePublished":"2022-04-12T18:55:51+00:00","dateModified":"2024-10-01T11:22:01+00:00","description":"Kontakti za medije: pr@epcg-sg.com.","breadcrumb":{"@id":"https:\/\/epcg-sg.com\/lat\/pr-sluzba\/#breadcrumb"},"inLanguage":"lat","potentialAction":[{"@type":"ReadAction","target":["https:\/\/epcg-sg.com\/lat\/pr-sluzba\/"]}]},{"@type":"ImageObject","inLanguage":"lat","@id":"https:\/\/epcg-sg.com\/lat\/pr-sluzba\/#primaryimage","url":"https:\/\/epcg-sg.com\/wp-content\/uploads\/2024\/09\/013.jpg","contentUrl":"https:\/\/epcg-sg.com\/wp-content\/uploads\/2024\/09\/013.jpg"},{"@type":"BreadcrumbList","@id":"https:\/\/epcg-sg.com\/lat\/pr-sluzba\/#breadcrumb","itemListElement":[{"@type":"ListItem","position":1,"name":"PO\u010cETNA","item":"https:\/\/epcg-sg.com\/lat\/"},{"@type":"ListItem","position":2,"name":"PR slu\u017eba"}]},{"@type":"WebSite","@id":"https:\/\/epcg-sg.com\/lat\/#website","url":"https:\/\/epcg-sg.com\/lat\/","name":"\u0415\u041f\u0426\u0413 \u0421\u043e\u043b\u0430\u0440 \u0433\u0440\u0430\u0434\u045a\u0430","description":"Elektroprivreda Crne Gore","publisher":{"@id":"https:\/\/epcg-sg.com\/lat\/#organization"},"potentialAction":[{"@type":"SearchAction","target":{"@type":"EntryPoint","urlTemplate":"https:\/\/epcg-sg.com\/lat\/?s={search_term_string}"},"query-input":{"@type":"PropertyValueSpecification","valueRequired":true,"valueName":"search_term_string"}}],"inLanguage":"lat"},{"@type":"Organization","@id":"https:\/\/epcg-sg.com\/lat\/#organization","name":"EPCG Solar gradnja","url":"https:\/\/epcg-sg.com\/lat\/","logo":{"@type":"ImageObject","inLanguage":"lat","@id":"https:\/\/epcg-sg.com\/lat\/#\/schema\/logo\/image\/","url":"","contentUrl":"","caption":"EPCG Solar gradnja"},"image":{"@id":"https:\/\/epcg-sg.com\/lat\/#\/schema\/logo\/image\/"},"sameAs":["https:\/\/www.facebook.com\/solargradnjaofficialpage","https:\/\/x.com\/EpcgSolar"]}]}},"_links":{"self":[{"href":"https:\/\/epcg-sg.com\/lat\/wp-json\/wp\/v2\/pages\/631","targetHints":{"allow":["GET"]}}],"collection":[{"href":"https:\/\/epcg-sg.com\/lat\/wp-json\/wp\/v2\/pages"}],"about":[{"href":"https:\/\/epcg-sg.com\/lat\/wp-json\/wp\/v2\/types\/page"}],"author":[{"embeddable":true,"href":"https:\/\/epcg-sg.com\/lat\/wp-json\/wp\/v2\/users\/1"}],"replies":[{"embeddable":true,"href":"https:\/\/epcg-sg.com\/lat\/wp-json\/wp\/v2\/comments?post=631"}],"version-history":[{"count":8,"href":"https:\/\/epcg-sg.com\/lat\/wp-json\/wp\/v2\/pages\/631\/revisions"}],"predecessor-version":[{"id":3323,"href":"https:\/\/epcg-sg.com\/lat\/wp-json\/wp\/v2\/pages\/631\/revisions\/3323"}],"wp:attachment":[{"href":"https:\/\/epcg-sg.com\/lat\/wp-json\/wp\/v2\/media?parent=631"}],"curies":[{"name":"wp","href":"https:\/\/api.w.org\/{rel}","templated":true}]}}