{"id":619,"date":"2022-04-12T21:09:28","date_gmt":"2022-04-12T19:09:28","guid":{"rendered":"https:\/\/solar.logate.com\/osnovna-djelatnost\/"},"modified":"2022-08-15T18:55:31","modified_gmt":"2022-08-15T16:55:31","slug":"osnovna-djelatnost","status":"publish","type":"page","link":"https:\/\/epcg-sg.com\/lat\/osnovna-djelatnost\/","title":{"rendered":"Osnovna djelatnost"},"content":{"rendered":"\t\t<div data-elementor-type=\"wp-page\" data-elementor-id=\"619\" class=\"elementor elementor-619 elementor-105\" data-elementor-post-type=\"page\">\n\t\t\t\t\t\t<section class=\"elementor-section elementor-top-section elementor-element elementor-element-5a7dcb01 elementor-section-boxed elementor-section-height-default elementor-section-height-default\" data-id=\"5a7dcb01\" data-element_type=\"section\" data-e-type=\"section\" data-settings=\"{&quot;jet_parallax_layout_list&quot;:[],&quot;background_background&quot;:&quot;classic&quot;}\">\n\t\t\t\t\t\t<div class=\"elementor-container elementor-column-gap-default\">\n\t\t\t\t\t<div class=\"elementor-column elementor-col-100 elementor-top-column elementor-element elementor-element-2f52bece\" data-id=\"2f52bece\" data-element_type=\"column\" data-e-type=\"column\">\n\t\t\t<div class=\"elementor-widget-wrap elementor-element-populated\">\n\t\t\t\t\t\t<div class=\"elementor-element elementor-element-2c92932e elementor-widget elementor-widget-heading\" data-id=\"2c92932e\" data-element_type=\"widget\" data-e-type=\"widget\" data-widget_type=\"heading.default\">\n\t\t\t\t<div class=\"elementor-widget-container\">\n\t\t\t\t\t<h2 class=\"elementor-heading-title elementor-size-default\">Osnovna djelatnost<\/h2>\t\t\t\t<\/div>\n\t\t\t\t<\/div>\n\t\t\t\t<div class=\"elementor-element elementor-element-1b1487aa elementor-widget-divider--view-line elementor-widget elementor-widget-divider\" data-id=\"1b1487aa\" data-element_type=\"widget\" data-e-type=\"widget\" data-widget_type=\"divider.default\">\n\t\t\t\t<div class=\"elementor-widget-container\">\n\t\t\t\t\t\t\t<div class=\"elementor-divider\">\n\t\t\t<span class=\"elementor-divider-separator\">\n\t\t\t\t\t\t<\/span>\n\t\t<\/div>\n\t\t\t\t\t\t<\/div>\n\t\t\t\t<\/div>\n\t\t\t\t\t<\/div>\n\t\t<\/div>\n\t\t\t\t\t<\/div>\n\t\t<\/section>\n\t\t\t\t<section class=\"elementor-section elementor-top-section elementor-element elementor-element-4021414a elementor-section-boxed elementor-section-height-default elementor-section-height-default\" data-id=\"4021414a\" data-element_type=\"section\" data-e-type=\"section\" data-settings=\"{&quot;jet_parallax_layout_list&quot;:[]}\">\n\t\t\t\t\t\t<div class=\"elementor-container elementor-column-gap-wide\">\n\t\t\t\t\t<div class=\"elementor-column elementor-col-50 elementor-top-column elementor-element elementor-element-17445759\" data-id=\"17445759\" data-element_type=\"column\" data-e-type=\"column\">\n\t\t\t<div class=\"elementor-widget-wrap elementor-element-populated\">\n\t\t\t\t\t\t<div class=\"elementor-element elementor-element-575bb0a elementor-widget elementor-widget-text-editor\" data-id=\"575bb0a\" data-element_type=\"widget\" data-e-type=\"widget\" data-widget_type=\"text-editor.default\">\n\t\t\t\t<div class=\"elementor-widget-container\">\n\t\t\t\t\t\t\t\t\tDru\u0161tvo sa ograni\u010denom odgovorno\u0161\u0107u EPCG \u2013 Solar gradnja, dio EPCG grupe, specijalizovano je za nabavku, projektovanje, ugradnju i odr\u017eavanje fotonaponskih sistema.\r\n\r\nLiderska uloga u privrednom razvoju Crne Gore u okviru EPCG grupe, konkurentnost na regionalnom i evropskom tr\u017ei\u0161tu i aktivno u\u010de\u0161\u0107e u novim tr\u017ei\u0161nim izazovima kroz ulaganje u zelenu energiju i nove tehnologije, na\u0161a je vizija razvoja.\r\n\r\nU skladu s dugoro\u010dnim ciljevima, strategijom odr\u017eivosti i bilateralnom saradnjom s Evropskom unijom u pogledu smanjenja emisije CO2, EPCG inicirala je projekte koji se odnose na zamjenu i smanjenje kori\u0161\u0107enja \u0161tetnih izvora energije. Crna Gora je zemlja ogromnog energetskog potencijala, s velikim brojem sun\u010danih dana, \u0161to je \u010dini idealnom za projekte Solara i kori\u0161\u0107enje obnovljivih izvora energije.\r\n\r\nEnergetsku tranziciju po\u010deli smo projektom Solari 3000+ i 500+, kojim gra\u0111anima Crne Gore predstavljamo stvarne mogu\u0107nosti energetskih i finansijskih u\u0161teda, a zajedni\u010dkim snagama uti\u010demo na smanjenje emisije ugljen-dioksida i doprinosimo o\u010duvanju \u017eivotne sredine.\r\n\r\nPored projekata za doma\u0107instva i poslovne objekte, planirani su i projekti postavljanja solarnih elektrana na neplodnom zemlji\u0161tu u ruralnim podru\u010djima i na vodenim povr\u0161inama.\r\n\r\nPo\u010detak realizacije brojnih projekata u oblasti solarne, vjetro i hidro energije u na\u0161oj zemlji predstavljaju ozbiljan iskorak u procesu energetske tranzicije.\r\n\r\nBudu\u0107nost pripada zelenoj energiji!\t\t\t\t\t\t\t\t<\/div>\n\t\t\t\t<\/div>\n\t\t\t\t<div class=\"elementor-element elementor-element-7dbcdcf elementor-icon-list--layout-traditional elementor-list-item-link-full_width elementor-widget elementor-widget-icon-list\" data-id=\"7dbcdcf\" data-element_type=\"widget\" data-e-type=\"widget\" data-widget_type=\"icon-list.default\">\n\t\t\t\t<div class=\"elementor-widget-container\">\n\t\t\t\t\t\t\t<ul class=\"elementor-icon-list-items\">\n\t\t\t\t\t\t\t<li class=\"elementor-icon-list-item\">\n\t\t\t\t\t\t\t\t\t\t\t<a href=\"https:\/\/epcg-sg.com\/wp-content\/uploads\/2022\/08\/statut-epcg-solar-gradnja-2.pdf\">\n\n\t\t\t\t\t\t\t\t\t\t\t\t<span class=\"elementor-icon-list-icon\">\n\t\t\t\t\t\t\t<i aria-hidden=\"true\" class=\"far fa-file-pdf\"><\/i>\t\t\t\t\t\t<\/span>\n\t\t\t\t\t\t\t\t\t\t<span class=\"elementor-icon-list-text\">Statut EPCG Solar gradnja<\/span>\n\t\t\t\t\t\t\t\t\t\t\t<\/a>\n\t\t\t\t\t\t\t\t\t<\/li>\n\t\t\t\t\t\t\t\t<li class=\"elementor-icon-list-item\">\n\t\t\t\t\t\t\t\t\t\t\t<a href=\"https:\/\/epcg-sg.com\/wp-content\/uploads\/2022\/08\/Izmjene-i-dopune-Statuta-ESG-XII-2021.g.-2.pdf\">\n\n\t\t\t\t\t\t\t\t\t\t\t\t<span class=\"elementor-icon-list-icon\">\n\t\t\t\t\t\t\t<i aria-hidden=\"true\" class=\"far fa-file-pdf\"><\/i>\t\t\t\t\t\t<\/span>\n\t\t\t\t\t\t\t\t\t\t<span class=\"elementor-icon-list-text\">Izmjene i dopune Statuta EPCG Solar gradnja<\/span>\n\t\t\t\t\t\t\t\t\t\t\t<\/a>\n\t\t\t\t\t\t\t\t\t<\/li>\n\t\t\t\t\t\t<\/ul>\n\t\t\t\t\t\t<\/div>\n\t\t\t\t<\/div>\n\t\t\t\t\t<\/div>\n\t\t<\/div>\n\t\t\t\t<div class=\"elementor-column elementor-col-50 elementor-top-column elementor-element elementor-element-3bc8a3b3\" data-id=\"3bc8a3b3\" data-element_type=\"column\" data-e-type=\"column\">\n\t\t\t<div class=\"elementor-widget-wrap elementor-element-populated\">\n\t\t\t\t\t\t<section class=\"elementor-section elementor-inner-section elementor-element elementor-element-52ecc4fe elementor-section-boxed elementor-section-height-default elementor-section-height-default\" data-id=\"52ecc4fe\" data-element_type=\"section\" data-e-type=\"section\" data-settings=\"{&quot;jet_parallax_layout_list&quot;:[]}\">\n\t\t\t\t\t\t<div class=\"elementor-container elementor-column-gap-default\">\n\t\t\t\t\t<div class=\"elementor-column elementor-col-100 elementor-inner-column elementor-element elementor-element-2a5a0a38\" data-id=\"2a5a0a38\" data-element_type=\"column\" data-e-type=\"column\" data-settings=\"{&quot;background_background&quot;:&quot;classic&quot;}\">\n\t\t\t<div class=\"elementor-widget-wrap elementor-element-populated\">\n\t\t\t\t\t\t<div class=\"elementor-element elementor-element-685b846e elementor-widget elementor-widget-heading\" data-id=\"685b846e\" data-element_type=\"widget\" data-e-type=\"widget\" data-widget_type=\"heading.default\">\n\t\t\t\t<div class=\"elementor-widget-container\">\n\t\t\t\t\t<h2 class=\"elementor-heading-title elementor-size-default\">O nama<\/h2>\t\t\t\t<\/div>\n\t\t\t\t<\/div>\n\t\t\t\t<div class=\"elementor-element elementor-element-7dc0f211 elementor-icon-list--layout-traditional elementor-list-item-link-full_width elementor-widget elementor-widget-icon-list\" data-id=\"7dc0f211\" data-element_type=\"widget\" data-e-type=\"widget\" data-widget_type=\"icon-list.default\">\n\t\t\t\t<div class=\"elementor-widget-container\">\n\t\t\t\t\t\t\t<ul class=\"elementor-icon-list-items\">\n\t\t\t\t\t\t\t<li class=\"elementor-icon-list-item\">\n\t\t\t\t\t\t\t\t\t\t\t<a href=\"https:\/\/epcg-sg.com\/lat\/osnovna-djelatnost\/\">\n\n\t\t\t\t\t\t\t\t\t\t\t<span class=\"elementor-icon-list-text\">Osnovna djelatnost<\/span>\n\t\t\t\t\t\t\t\t\t\t\t<\/a>\n\t\t\t\t\t\t\t\t\t<\/li>\n\t\t\t\t\t\t\t\t<li class=\"elementor-icon-list-item\">\n\t\t\t\t\t\t\t\t\t\t\t<a href=\"https:\/\/epcg-sg.com\/lat\/skupstina-drustva\/\">\n\n\t\t\t\t\t\t\t\t\t\t\t<span class=\"elementor-icon-list-text\">Skup\u0161tina Dru\u0161tva<\/span>\n\t\t\t\t\t\t\t\t\t\t\t<\/a>\n\t\t\t\t\t\t\t\t\t<\/li>\n\t\t\t\t\t\t\t\t<li class=\"elementor-icon-list-item\">\n\t\t\t\t\t\t\t\t\t\t\t<a href=\"https:\/\/epcg-sg.com\/lat\/odbor-direktora\/\">\n\n\t\t\t\t\t\t\t\t\t\t\t<span class=\"elementor-icon-list-text\">Odbor direktora<\/span>\n\t\t\t\t\t\t\t\t\t\t\t<\/a>\n\t\t\t\t\t\t\t\t\t<\/li>\n\t\t\t\t\t\t\t\t<li class=\"elementor-icon-list-item\">\n\t\t\t\t\t\t\t\t\t\t\t<a href=\"https:\/\/epcg-sg.com\/lat\/menadzment\/\">\n\n\t\t\t\t\t\t\t\t\t\t\t<span class=\"elementor-icon-list-text\">Menad\u017ement<\/span>\n\t\t\t\t\t\t\t\t\t\t\t<\/a>\n\t\t\t\t\t\t\t\t\t<\/li>\n\t\t\t\t\t\t\t\t<li class=\"elementor-icon-list-item\">\n\t\t\t\t\t\t\t\t\t\t\t<a href=\"https:\/\/epcg-sg.com\/lat\/regulativa\/\">\n\n\t\t\t\t\t\t\t\t\t\t\t<span class=\"elementor-icon-list-text\">Regulativa<\/span>\n\t\t\t\t\t\t\t\t\t\t\t<\/a>\n\t\t\t\t\t\t\t\t\t<\/li>\n\t\t\t\t\t\t<\/ul>\n\t\t\t\t\t\t<\/div>\n\t\t\t\t<\/div>\n\t\t\t\t\t<\/div>\n\t\t<\/div>\n\t\t\t\t\t<\/div>\n\t\t<\/section>\n\t\t\t\t<div class=\"elementor-element elementor-element-1a3b7168 elementor-widget elementor-widget-heading\" data-id=\"1a3b7168\" data-element_type=\"widget\" data-e-type=\"widget\" data-widget_type=\"heading.default\">\n\t\t\t\t<div class=\"elementor-widget-container\">\n\t\t\t\t\t<h2 class=\"elementor-heading-title elementor-size-default\">Posljednje vijesti<\/h2>\t\t\t\t<\/div>\n\t\t\t\t<\/div>\n\t\t\t\t<div class=\"elementor-element elementor-element-7a5be8e6 elementor-widget elementor-widget-jet-posts\" data-id=\"7a5be8e6\" data-element_type=\"widget\" data-e-type=\"widget\" data-settings=\"{&quot;columns&quot;:&quot;1&quot;}\" data-widget_type=\"jet-posts.default\">\n\t\t\t\t<div class=\"elementor-widget-container\">\n\t\t\t\t\t<div class=\"elementor-jet-posts jet-elements\"><div class=\"jet-posts col-row \"><div class=\"jet-posts__item\">\n\t<div class=\"jet-posts__inner-box\"><div class=\"post-thumbnail\"><a href=\"https:\/\/epcg-sg.com\/lat\/solar-gradnja-doo-postala-clan-unije-poslodavaca-crne-gore-saveznistvo-za-zelenu-tranziciju-crnogorskog-biznisa\/\" class=\"post-thumbnail__link\"><img loading=\"lazy\" decoding=\"async\" class=\"post-thumbnail__img wp-post-image\" src=\"https:\/\/epcg-sg.com\/wp-content\/uploads\/2026\/03\/original-1401006B-2A7E-4500-940C-A246EB2E0EC2.jpeg\" alt=\"Solar Gradnja DOO postala \u010dlan Unije poslodavaca Crne Gore: Savezni\u0161tvo za zelenu tranziciju crnogorskog biznisa\" loading=\"lazy\" width=\"1600\" height=\"1200\"><\/a><\/div><div class=\"jet-posts__inner-content\"><h4 class=\"entry-title\"><a href=\"https:\/\/epcg-sg.com\/lat\/solar-gradnja-doo-postala-clan-unije-poslodavaca-crne-gore-saveznistvo-za-zelenu-tranziciju-crnogorskog-biznisa\/\" target=\"\">Solar Gradnja DOO postala \u010dlan Unije poslodavaca Crne Gore: Savezni\u0161tvo za zelenu tranziciju crnogorskog biznisa<\/a><\/h4><div class=\"post-meta\"><span class=\"post__date post-meta__item\"><a href=\"https:\/\/epcg-sg.com\/lat\/2026\/03\/18\/\"  class=\"post__date-link\" ><time datetime=\"2026-03-18T15:40:07+02:00\" title=\"2026-03-18T15:40:07+02:00\">18.03.2026.<\/time><\/a><\/span><\/div><\/div><\/div>\n<\/div>\n<div class=\"jet-posts__item\">\n\t<div class=\"jet-posts__inner-box\"><div class=\"post-thumbnail\"><a href=\"https:\/\/epcg-sg.com\/lat\/epcg-solar-gradnja-angazuje-agente-za-terensku-prezentaciju\/\" class=\"post-thumbnail__link\"><img loading=\"lazy\" decoding=\"async\" class=\"post-thumbnail__img wp-post-image\" src=\"https:\/\/epcg-sg.com\/wp-content\/uploads\/2022\/06\/solar-featured.jpg\" alt=\"EPCG Solar gradnja anga\u017euje agente za terensku prezentaciju\" loading=\"lazy\" width=\"1200\" height=\"658\"><\/a><\/div><div class=\"jet-posts__inner-content\"><h4 class=\"entry-title\"><a href=\"https:\/\/epcg-sg.com\/lat\/epcg-solar-gradnja-angazuje-agente-za-terensku-prezentaciju\/\" target=\"\">EPCG Solar gradnja anga\u017euje agente za terensku prezentaciju<\/a><\/h4><div class=\"post-meta\"><span class=\"post__date post-meta__item\"><a href=\"https:\/\/epcg-sg.com\/lat\/2026\/02\/25\/\"  class=\"post__date-link\" ><time datetime=\"2026-02-25T15:40:51+02:00\" title=\"2026-02-25T15:40:51+02:00\">25.02.2026.<\/time><\/a><\/span><\/div><\/div><\/div>\n<\/div>\n<div class=\"jet-posts__item\">\n\t<div class=\"jet-posts__inner-box\"><div class=\"post-thumbnail\"><a href=\"https:\/\/epcg-sg.com\/lat\/stipendirali-tri-najbolja-studenta\/\" class=\"post-thumbnail__link\"><img loading=\"lazy\" decoding=\"async\" class=\"post-thumbnail__img wp-post-image\" src=\"https:\/\/epcg-sg.com\/wp-content\/uploads\/2026\/02\/Stipendije-1.jpg\" alt=\"Stipendirali tri najbolja studenta\" loading=\"lazy\" width=\"1800\" height=\"1200\"><\/a><\/div><div class=\"jet-posts__inner-content\"><h4 class=\"entry-title\"><a href=\"https:\/\/epcg-sg.com\/lat\/stipendirali-tri-najbolja-studenta\/\" target=\"\">Stipendirali tri najbolja studenta<\/a><\/h4><div class=\"post-meta\"><span class=\"post__date post-meta__item\"><a href=\"https:\/\/epcg-sg.com\/lat\/2026\/02\/19\/\"  class=\"post__date-link\" ><time datetime=\"2026-02-19T14:46:58+02:00\" title=\"2026-02-19T14:46:58+02:00\">19.02.2026.<\/time><\/a><\/span><\/div><\/div><\/div>\n<\/div>\n<\/div>\n<\/div>\t\t\t\t<\/div>\n\t\t\t\t<\/div>\n\t\t\t\t\t<\/div>\n\t\t<\/div>\n\t\t\t\t\t<\/div>\n\t\t<\/section>\n\t\t\t\t<\/div>\n\t\t","protected":false},"excerpt":{"rendered":"<p>Osnovna djelatnost Dru\u0161tvo sa ograni\u010denom odgovorno\u0161\u0107u EPCG \u2013 Solar gradnja, dio EPCG grupe, specijalizovano je za nabavku, projektovanje, ugradnju i odr\u017eavanje fotonaponskih sistema. Liderska uloga u privrednom razvoju Crne Gore u okviru EPCG grupe, konkurentnost na regionalnom i evropskom tr\u017ei\u0161tu i aktivno u\u010de\u0161\u0107e u novim tr\u017ei\u0161nim izazovima kroz ulaganje u zelenu energiju i nove tehnologije, [&hellip;]<\/p>\n","protected":false},"author":1,"featured_media":609,"parent":0,"menu_order":0,"comment_status":"closed","ping_status":"closed","template":"elementor_header_footer","meta":{"footnotes":""},"class_list":["post-619","page","type-page","status-publish","has-post-thumbnail","hentry"],"yoast_head":"<!-- This site is optimized with the Yoast SEO plugin v27.6 - https:\/\/yoast.com\/product\/yoast-seo-wordpress\/ -->\n<title>Osnovna djelatnost - Solar gradnja<\/title>\n<meta name=\"description\" content=\"EPCG - Solar gradnja bavi se projektovanjem i izgradnjom solarnih elektrana. Pro\u010ditajte vi\u0161e o na\u0161oj osnovnoj djelatnosti.\" \/>\n<meta name=\"robots\" content=\"index, follow, max-snippet:-1, max-image-preview:large, max-video-preview:-1\" \/>\n<link rel=\"canonical\" href=\"https:\/\/epcg-sg.com\/lat\/osnovna-djelatnost\/\" \/>\n<meta property=\"og:locale\" content=\"en_US\" \/>\n<meta property=\"og:type\" content=\"article\" \/>\n<meta property=\"og:title\" content=\"Osnovna djelatnost - Solar gradnja\" \/>\n<meta property=\"og:description\" content=\"EPCG - Solar gradnja bavi se projektovanjem i izgradnjom solarnih elektrana. Pro\u010ditajte vi\u0161e o na\u0161oj osnovnoj djelatnosti.\" \/>\n<meta property=\"og:url\" content=\"https:\/\/epcg-sg.com\/lat\/osnovna-djelatnost\/\" \/>\n<meta property=\"og:site_name\" content=\"Solar gradnja\" \/>\n<meta property=\"article:publisher\" content=\"https:\/\/www.facebook.com\/solargradnjaofficialpage\" \/>\n<meta property=\"article:modified_time\" content=\"2022-08-15T16:55:31+00:00\" \/>\n<meta property=\"og:image\" content=\"https:\/\/epcg-sg.com\/wp-content\/uploads\/2022\/04\/solar-gradnja-logo.png\" \/>\n\t<meta property=\"og:image:width\" content=\"170\" \/>\n\t<meta property=\"og:image:height\" content=\"99\" \/>\n\t<meta property=\"og:image:type\" content=\"image\/png\" \/>\n<meta name=\"twitter:card\" content=\"summary_large_image\" \/>\n<meta name=\"twitter:site\" content=\"@EpcgSolar\" \/>\n<script type=\"application\/ld+json\" class=\"yoast-schema-graph\">{\"@context\":\"https:\\\/\\\/schema.org\",\"@graph\":[{\"@type\":\"WebPage\",\"@id\":\"https:\\\/\\\/epcg-sg.com\\\/lat\\\/osnovna-djelatnost\\\/\",\"url\":\"https:\\\/\\\/epcg-sg.com\\\/lat\\\/osnovna-djelatnost\\\/\",\"name\":\"Osnovna djelatnost - Solar gradnja\",\"isPartOf\":{\"@id\":\"https:\\\/\\\/epcg-sg.com\\\/lat\\\/#website\"},\"primaryImageOfPage\":{\"@id\":\"https:\\\/\\\/epcg-sg.com\\\/lat\\\/osnovna-djelatnost\\\/#primaryimage\"},\"image\":{\"@id\":\"https:\\\/\\\/epcg-sg.com\\\/lat\\\/osnovna-djelatnost\\\/#primaryimage\"},\"thumbnailUrl\":\"https:\\\/\\\/epcg-sg.com\\\/wp-content\\\/uploads\\\/2022\\\/04\\\/solar-gradnja-logo.png\",\"datePublished\":\"2022-04-12T19:09:28+00:00\",\"dateModified\":\"2022-08-15T16:55:31+00:00\",\"description\":\"EPCG - Solar gradnja bavi se projektovanjem i izgradnjom solarnih elektrana. Pro\u010ditajte vi\u0161e o na\u0161oj osnovnoj djelatnosti.\",\"breadcrumb\":{\"@id\":\"https:\\\/\\\/epcg-sg.com\\\/lat\\\/osnovna-djelatnost\\\/#breadcrumb\"},\"inLanguage\":\"lat\",\"potentialAction\":[{\"@type\":\"ReadAction\",\"target\":[\"https:\\\/\\\/epcg-sg.com\\\/lat\\\/osnovna-djelatnost\\\/\"]}]},{\"@type\":\"ImageObject\",\"inLanguage\":\"lat\",\"@id\":\"https:\\\/\\\/epcg-sg.com\\\/lat\\\/osnovna-djelatnost\\\/#primaryimage\",\"url\":\"https:\\\/\\\/epcg-sg.com\\\/wp-content\\\/uploads\\\/2022\\\/04\\\/solar-gradnja-logo.png\",\"contentUrl\":\"https:\\\/\\\/epcg-sg.com\\\/wp-content\\\/uploads\\\/2022\\\/04\\\/solar-gradnja-logo.png\",\"width\":170,\"height\":99},{\"@type\":\"BreadcrumbList\",\"@id\":\"https:\\\/\\\/epcg-sg.com\\\/lat\\\/osnovna-djelatnost\\\/#breadcrumb\",\"itemListElement\":[{\"@type\":\"ListItem\",\"position\":1,\"name\":\"PO\u010cETNA\",\"item\":\"https:\\\/\\\/epcg-sg.com\\\/lat\\\/\"},{\"@type\":\"ListItem\",\"position\":2,\"name\":\"Osnovna djelatnost\"}]},{\"@type\":\"WebSite\",\"@id\":\"https:\\\/\\\/epcg-sg.com\\\/lat\\\/#website\",\"url\":\"https:\\\/\\\/epcg-sg.com\\\/lat\\\/\",\"name\":\"\u0415\u041f\u0426\u0413 \u0421\u043e\u043b\u0430\u0440 \u0433\u0440\u0430\u0434\u045a\u0430\",\"description\":\"Elektroprivreda Crne Gore\",\"publisher\":{\"@id\":\"https:\\\/\\\/epcg-sg.com\\\/lat\\\/#organization\"},\"potentialAction\":[{\"@type\":\"SearchAction\",\"target\":{\"@type\":\"EntryPoint\",\"urlTemplate\":\"https:\\\/\\\/epcg-sg.com\\\/lat\\\/?s={search_term_string}\"},\"query-input\":{\"@type\":\"PropertyValueSpecification\",\"valueRequired\":true,\"valueName\":\"search_term_string\"}}],\"inLanguage\":\"lat\"},{\"@type\":\"Organization\",\"@id\":\"https:\\\/\\\/epcg-sg.com\\\/lat\\\/#organization\",\"name\":\"EPCG Solar gradnja\",\"url\":\"https:\\\/\\\/epcg-sg.com\\\/lat\\\/\",\"logo\":{\"@type\":\"ImageObject\",\"inLanguage\":\"lat\",\"@id\":\"https:\\\/\\\/epcg-sg.com\\\/lat\\\/#\\\/schema\\\/logo\\\/image\\\/\",\"url\":\"\",\"contentUrl\":\"\",\"caption\":\"EPCG Solar gradnja\"},\"image\":{\"@id\":\"https:\\\/\\\/epcg-sg.com\\\/lat\\\/#\\\/schema\\\/logo\\\/image\\\/\"},\"sameAs\":[\"https:\\\/\\\/www.facebook.com\\\/solargradnjaofficialpage\",\"https:\\\/\\\/x.com\\\/EpcgSolar\"]}]}<\/script>\n<!-- \/ Yoast SEO plugin. -->","yoast_head_json":{"title":"Osnovna djelatnost - Solar gradnja","description":"EPCG - Solar gradnja bavi se projektovanjem i izgradnjom solarnih elektrana. Pro\u010ditajte vi\u0161e o na\u0161oj osnovnoj djelatnosti.","robots":{"index":"index","follow":"follow","max-snippet":"max-snippet:-1","max-image-preview":"max-image-preview:large","max-video-preview":"max-video-preview:-1"},"canonical":"https:\/\/epcg-sg.com\/lat\/osnovna-djelatnost\/","og_locale":"en_US","og_type":"article","og_title":"Osnovna djelatnost - Solar gradnja","og_description":"EPCG - Solar gradnja bavi se projektovanjem i izgradnjom solarnih elektrana. Pro\u010ditajte vi\u0161e o na\u0161oj osnovnoj djelatnosti.","og_url":"https:\/\/epcg-sg.com\/lat\/osnovna-djelatnost\/","og_site_name":"Solar gradnja","article_publisher":"https:\/\/www.facebook.com\/solargradnjaofficialpage","article_modified_time":"2022-08-15T16:55:31+00:00","og_image":[{"width":170,"height":99,"url":"https:\/\/epcg-sg.com\/wp-content\/uploads\/2022\/04\/solar-gradnja-logo.png","type":"image\/png"}],"twitter_card":"summary_large_image","twitter_site":"@EpcgSolar","schema":{"@context":"https:\/\/schema.org","@graph":[{"@type":"WebPage","@id":"https:\/\/epcg-sg.com\/lat\/osnovna-djelatnost\/","url":"https:\/\/epcg-sg.com\/lat\/osnovna-djelatnost\/","name":"Osnovna djelatnost - Solar gradnja","isPartOf":{"@id":"https:\/\/epcg-sg.com\/lat\/#website"},"primaryImageOfPage":{"@id":"https:\/\/epcg-sg.com\/lat\/osnovna-djelatnost\/#primaryimage"},"image":{"@id":"https:\/\/epcg-sg.com\/lat\/osnovna-djelatnost\/#primaryimage"},"thumbnailUrl":"https:\/\/epcg-sg.com\/wp-content\/uploads\/2022\/04\/solar-gradnja-logo.png","datePublished":"2022-04-12T19:09:28+00:00","dateModified":"2022-08-15T16:55:31+00:00","description":"EPCG - Solar gradnja bavi se projektovanjem i izgradnjom solarnih elektrana. Pro\u010ditajte vi\u0161e o na\u0161oj osnovnoj djelatnosti.","breadcrumb":{"@id":"https:\/\/epcg-sg.com\/lat\/osnovna-djelatnost\/#breadcrumb"},"inLanguage":"lat","potentialAction":[{"@type":"ReadAction","target":["https:\/\/epcg-sg.com\/lat\/osnovna-djelatnost\/"]}]},{"@type":"ImageObject","inLanguage":"lat","@id":"https:\/\/epcg-sg.com\/lat\/osnovna-djelatnost\/#primaryimage","url":"https:\/\/epcg-sg.com\/wp-content\/uploads\/2022\/04\/solar-gradnja-logo.png","contentUrl":"https:\/\/epcg-sg.com\/wp-content\/uploads\/2022\/04\/solar-gradnja-logo.png","width":170,"height":99},{"@type":"BreadcrumbList","@id":"https:\/\/epcg-sg.com\/lat\/osnovna-djelatnost\/#breadcrumb","itemListElement":[{"@type":"ListItem","position":1,"name":"PO\u010cETNA","item":"https:\/\/epcg-sg.com\/lat\/"},{"@type":"ListItem","position":2,"name":"Osnovna djelatnost"}]},{"@type":"WebSite","@id":"https:\/\/epcg-sg.com\/lat\/#website","url":"https:\/\/epcg-sg.com\/lat\/","name":"\u0415\u041f\u0426\u0413 \u0421\u043e\u043b\u0430\u0440 \u0433\u0440\u0430\u0434\u045a\u0430","description":"Elektroprivreda Crne Gore","publisher":{"@id":"https:\/\/epcg-sg.com\/lat\/#organization"},"potentialAction":[{"@type":"SearchAction","target":{"@type":"EntryPoint","urlTemplate":"https:\/\/epcg-sg.com\/lat\/?s={search_term_string}"},"query-input":{"@type":"PropertyValueSpecification","valueRequired":true,"valueName":"search_term_string"}}],"inLanguage":"lat"},{"@type":"Organization","@id":"https:\/\/epcg-sg.com\/lat\/#organization","name":"EPCG Solar gradnja","url":"https:\/\/epcg-sg.com\/lat\/","logo":{"@type":"ImageObject","inLanguage":"lat","@id":"https:\/\/epcg-sg.com\/lat\/#\/schema\/logo\/image\/","url":"","contentUrl":"","caption":"EPCG Solar gradnja"},"image":{"@id":"https:\/\/epcg-sg.com\/lat\/#\/schema\/logo\/image\/"},"sameAs":["https:\/\/www.facebook.com\/solargradnjaofficialpage","https:\/\/x.com\/EpcgSolar"]}]}},"_links":{"self":[{"href":"https:\/\/epcg-sg.com\/lat\/wp-json\/wp\/v2\/pages\/619","targetHints":{"allow":["GET"]}}],"collection":[{"href":"https:\/\/epcg-sg.com\/lat\/wp-json\/wp\/v2\/pages"}],"about":[{"href":"https:\/\/epcg-sg.com\/lat\/wp-json\/wp\/v2\/types\/page"}],"author":[{"embeddable":true,"href":"https:\/\/epcg-sg.com\/lat\/wp-json\/wp\/v2\/users\/1"}],"replies":[{"embeddable":true,"href":"https:\/\/epcg-sg.com\/lat\/wp-json\/wp\/v2\/comments?post=619"}],"version-history":[{"count":5,"href":"https:\/\/epcg-sg.com\/lat\/wp-json\/wp\/v2\/pages\/619\/revisions"}],"predecessor-version":[{"id":1973,"href":"https:\/\/epcg-sg.com\/lat\/wp-json\/wp\/v2\/pages\/619\/revisions\/1973"}],"wp:featuredmedia":[{"embeddable":true,"href":"https:\/\/epcg-sg.com\/lat\/wp-json\/wp\/v2\/media\/609"}],"wp:attachment":[{"href":"https:\/\/epcg-sg.com\/lat\/wp-json\/wp\/v2\/media?parent=619"}],"curies":[{"name":"wp","href":"https:\/\/api.w.org\/{rel}","templated":true}]}}