{"id":611,"date":"2022-04-12T20:32:31","date_gmt":"2022-04-12T18:32:31","guid":{"rendered":"https:\/\/solar.logate.com\/konkursi\/"},"modified":"2022-06-09T08:02:34","modified_gmt":"2022-06-09T06:02:34","slug":"konkursi","status":"publish","type":"page","link":"https:\/\/epcg-sg.com\/lat\/konkursi\/","title":{"rendered":"Konkursi"},"content":{"rendered":"\t\t<div data-elementor-type=\"wp-page\" data-elementor-id=\"611\" class=\"elementor elementor-611 elementor-70\" data-elementor-post-type=\"page\">\n\t\t\t\t\t\t<section class=\"elementor-section elementor-top-section elementor-element elementor-element-9b8a4ea elementor-section-boxed elementor-section-height-default elementor-section-height-default\" data-id=\"9b8a4ea\" data-element_type=\"section\" data-e-type=\"section\" data-settings=\"{&quot;jet_parallax_layout_list&quot;:[]}\">\n\t\t\t\t\t\t<div class=\"elementor-container elementor-column-gap-default\">\n\t\t\t\t\t<div class=\"elementor-column elementor-col-100 elementor-top-column elementor-element elementor-element-0e8d9fc\" data-id=\"0e8d9fc\" data-element_type=\"column\" data-e-type=\"column\">\n\t\t\t<div class=\"elementor-widget-wrap elementor-element-populated\">\n\t\t\t\t\t\t<div class=\"elementor-element elementor-element-f9640ac elementor-widget elementor-widget-heading\" data-id=\"f9640ac\" data-element_type=\"widget\" data-e-type=\"widget\" data-widget_type=\"heading.default\">\n\t\t\t\t<div class=\"elementor-widget-container\">\n\t\t\t\t\t<h1 class=\"elementor-heading-title elementor-size-default\">Konkursi<\/h1>\t\t\t\t<\/div>\n\t\t\t\t<\/div>\n\t\t\t\t<div class=\"elementor-element elementor-element-284fd60 elementor-widget elementor-widget-text-editor\" data-id=\"284fd60\" data-element_type=\"widget\" data-e-type=\"widget\" data-widget_type=\"text-editor.default\">\n\t\t\t\t<div class=\"elementor-widget-container\">\n\t\t\t\t\t\t\t\t\tSvi aktivni konkursi firme Solar gradnja.\t\t\t\t\t\t\t\t<\/div>\n\t\t\t\t<\/div>\n\t\t\t\t<div class=\"elementor-element elementor-element-f121fb3 elementor-widget-divider--view-line elementor-widget elementor-widget-divider\" data-id=\"f121fb3\" data-element_type=\"widget\" data-e-type=\"widget\" data-widget_type=\"divider.default\">\n\t\t\t\t<div class=\"elementor-widget-container\">\n\t\t\t\t\t\t\t<div class=\"elementor-divider\">\n\t\t\t<span class=\"elementor-divider-separator\">\n\t\t\t\t\t\t<\/span>\n\t\t<\/div>\n\t\t\t\t\t\t<\/div>\n\t\t\t\t<\/div>\n\t\t\t\t\t<\/div>\n\t\t<\/div>\n\t\t\t\t\t<\/div>\n\t\t<\/section>\n\t\t\t\t<section class=\"elementor-section elementor-top-section elementor-element elementor-element-c164b95 elementor-section-boxed elementor-section-height-default elementor-section-height-default\" data-id=\"c164b95\" data-element_type=\"section\" data-e-type=\"section\" data-settings=\"{&quot;jet_parallax_layout_list&quot;:[]}\">\n\t\t\t\t\t\t<div class=\"elementor-container elementor-column-gap-default\">\n\t\t\t\t\t<div class=\"elementor-column elementor-col-100 elementor-top-column elementor-element elementor-element-38628e0\" data-id=\"38628e0\" data-element_type=\"column\" data-e-type=\"column\">\n\t\t\t<div class=\"elementor-widget-wrap elementor-element-populated\">\n\t\t\t\t\t\t<div class=\"elementor-element elementor-element-47cc78e elementor-widget elementor-widget-text-editor\" data-id=\"47cc78e\" data-element_type=\"widget\" data-e-type=\"widget\" data-widget_type=\"text-editor.default\">\n\t\t\t\t<div class=\"elementor-widget-container\">\n\t\t\t\t\t\t\t\t\tTrenutno nema aktivnih oglasa. Redovno provjeravajte sadr\u017eaj stranice kako biste bili u toku s najnovijim oglasima.\t\t\t\t\t\t\t\t<\/div>\n\t\t\t\t<\/div>\n\t\t\t\t\t<\/div>\n\t\t<\/div>\n\t\t\t\t\t<\/div>\n\t\t<\/section>\n\t\t\t\t<\/div>\n\t\t","protected":false},"excerpt":{"rendered":"<p>Konkursi Svi aktivni konkursi firme Solar gradnja. Trenutno nema aktivnih oglasa. Redovno provjeravajte sadr\u017eaj stranice kako biste bili u toku s najnovijim oglasima.<\/p>\n","protected":false},"author":1,"featured_media":609,"parent":0,"menu_order":0,"comment_status":"closed","ping_status":"closed","template":"elementor_header_footer","meta":{"footnotes":""},"class_list":["post-611","page","type-page","status-publish","has-post-thumbnail","hentry"],"yoast_head":"<!-- This site is optimized with the Yoast SEO plugin v27.2 - https:\/\/yoast.com\/product\/yoast-seo-wordpress\/ -->\n<title>Konkursi - Solar gradnja<\/title>\n<meta name=\"description\" content=\"Aktivni konkursi za EPCG Solar gradnja. U slu\u010daju da nema aktivnih konkursa, iskoristite formular da nam po\u0161aljete Va\u0161u biografiju.\" \/>\n<meta name=\"robots\" content=\"index, follow, max-snippet:-1, max-image-preview:large, max-video-preview:-1\" \/>\n<link rel=\"canonical\" href=\"https:\/\/epcg-sg.com\/lat\/konkursi\/\" \/>\n<meta property=\"og:locale\" content=\"en_US\" \/>\n<meta property=\"og:type\" content=\"article\" \/>\n<meta property=\"og:title\" content=\"Konkursi - Solar gradnja\" \/>\n<meta property=\"og:description\" content=\"Aktivni konkursi za EPCG Solar gradnja. U slu\u010daju da nema aktivnih konkursa, iskoristite formular da nam po\u0161aljete Va\u0161u biografiju.\" \/>\n<meta property=\"og:url\" content=\"https:\/\/epcg-sg.com\/lat\/konkursi\/\" \/>\n<meta property=\"og:site_name\" content=\"Solar gradnja\" \/>\n<meta property=\"article:publisher\" content=\"https:\/\/www.facebook.com\/solargradnjaofficialpage\" \/>\n<meta property=\"article:modified_time\" content=\"2022-06-09T06:02:34+00:00\" \/>\n<meta property=\"og:image\" content=\"https:\/\/epcg-sg.com\/wp-content\/uploads\/2022\/04\/solar-gradnja-logo.png\" \/>\n\t<meta property=\"og:image:width\" content=\"170\" \/>\n\t<meta property=\"og:image:height\" content=\"99\" \/>\n\t<meta property=\"og:image:type\" content=\"image\/png\" \/>\n<meta name=\"twitter:card\" content=\"summary_large_image\" \/>\n<meta name=\"twitter:site\" content=\"@EpcgSolar\" \/>\n<script type=\"application\/ld+json\" class=\"yoast-schema-graph\">{\"@context\":\"https:\/\/schema.org\",\"@graph\":[{\"@type\":\"WebPage\",\"@id\":\"https:\/\/epcg-sg.com\/lat\/konkursi\/\",\"url\":\"https:\/\/epcg-sg.com\/lat\/konkursi\/\",\"name\":\"Konkursi - Solar gradnja\",\"isPartOf\":{\"@id\":\"https:\/\/epcg-sg.com\/lat\/#website\"},\"primaryImageOfPage\":{\"@id\":\"https:\/\/epcg-sg.com\/lat\/konkursi\/#primaryimage\"},\"image\":{\"@id\":\"https:\/\/epcg-sg.com\/lat\/konkursi\/#primaryimage\"},\"thumbnailUrl\":\"https:\/\/epcg-sg.com\/wp-content\/uploads\/2022\/04\/solar-gradnja-logo.png\",\"datePublished\":\"2022-04-12T18:32:31+00:00\",\"dateModified\":\"2022-06-09T06:02:34+00:00\",\"description\":\"Aktivni konkursi za EPCG Solar gradnja. U slu\u010daju da nema aktivnih konkursa, iskoristite formular da nam po\u0161aljete Va\u0161u biografiju.\",\"breadcrumb\":{\"@id\":\"https:\/\/epcg-sg.com\/lat\/konkursi\/#breadcrumb\"},\"inLanguage\":\"lat\",\"potentialAction\":[{\"@type\":\"ReadAction\",\"target\":[\"https:\/\/epcg-sg.com\/lat\/konkursi\/\"]}]},{\"@type\":\"ImageObject\",\"inLanguage\":\"lat\",\"@id\":\"https:\/\/epcg-sg.com\/lat\/konkursi\/#primaryimage\",\"url\":\"https:\/\/epcg-sg.com\/wp-content\/uploads\/2022\/04\/solar-gradnja-logo.png\",\"contentUrl\":\"https:\/\/epcg-sg.com\/wp-content\/uploads\/2022\/04\/solar-gradnja-logo.png\",\"width\":170,\"height\":99},{\"@type\":\"BreadcrumbList\",\"@id\":\"https:\/\/epcg-sg.com\/lat\/konkursi\/#breadcrumb\",\"itemListElement\":[{\"@type\":\"ListItem\",\"position\":1,\"name\":\"PO\u010cETNA\",\"item\":\"https:\/\/epcg-sg.com\/lat\/\"},{\"@type\":\"ListItem\",\"position\":2,\"name\":\"Konkursi\"}]},{\"@type\":\"WebSite\",\"@id\":\"https:\/\/epcg-sg.com\/lat\/#website\",\"url\":\"https:\/\/epcg-sg.com\/lat\/\",\"name\":\"\u0415\u041f\u0426\u0413 \u0421\u043e\u043b\u0430\u0440 \u0433\u0440\u0430\u0434\u045a\u0430\",\"description\":\"Elektroprivreda Crne Gore\",\"publisher\":{\"@id\":\"https:\/\/epcg-sg.com\/lat\/#organization\"},\"potentialAction\":[{\"@type\":\"SearchAction\",\"target\":{\"@type\":\"EntryPoint\",\"urlTemplate\":\"https:\/\/epcg-sg.com\/lat\/?s={search_term_string}\"},\"query-input\":{\"@type\":\"PropertyValueSpecification\",\"valueRequired\":true,\"valueName\":\"search_term_string\"}}],\"inLanguage\":\"lat\"},{\"@type\":\"Organization\",\"@id\":\"https:\/\/epcg-sg.com\/lat\/#organization\",\"name\":\"EPCG Solar gradnja\",\"url\":\"https:\/\/epcg-sg.com\/lat\/\",\"logo\":{\"@type\":\"ImageObject\",\"inLanguage\":\"lat\",\"@id\":\"https:\/\/epcg-sg.com\/lat\/#\/schema\/logo\/image\/\",\"url\":\"\",\"contentUrl\":\"\",\"caption\":\"EPCG Solar gradnja\"},\"image\":{\"@id\":\"https:\/\/epcg-sg.com\/lat\/#\/schema\/logo\/image\/\"},\"sameAs\":[\"https:\/\/www.facebook.com\/solargradnjaofficialpage\",\"https:\/\/x.com\/EpcgSolar\"]}]}<\/script>\n<!-- \/ Yoast SEO plugin. -->","yoast_head_json":{"title":"Konkursi - Solar gradnja","description":"Aktivni konkursi za EPCG Solar gradnja. U slu\u010daju da nema aktivnih konkursa, iskoristite formular da nam po\u0161aljete Va\u0161u biografiju.","robots":{"index":"index","follow":"follow","max-snippet":"max-snippet:-1","max-image-preview":"max-image-preview:large","max-video-preview":"max-video-preview:-1"},"canonical":"https:\/\/epcg-sg.com\/lat\/konkursi\/","og_locale":"en_US","og_type":"article","og_title":"Konkursi - Solar gradnja","og_description":"Aktivni konkursi za EPCG Solar gradnja. U slu\u010daju da nema aktivnih konkursa, iskoristite formular da nam po\u0161aljete Va\u0161u biografiju.","og_url":"https:\/\/epcg-sg.com\/lat\/konkursi\/","og_site_name":"Solar gradnja","article_publisher":"https:\/\/www.facebook.com\/solargradnjaofficialpage","article_modified_time":"2022-06-09T06:02:34+00:00","og_image":[{"width":170,"height":99,"url":"https:\/\/epcg-sg.com\/wp-content\/uploads\/2022\/04\/solar-gradnja-logo.png","type":"image\/png"}],"twitter_card":"summary_large_image","twitter_site":"@EpcgSolar","schema":{"@context":"https:\/\/schema.org","@graph":[{"@type":"WebPage","@id":"https:\/\/epcg-sg.com\/lat\/konkursi\/","url":"https:\/\/epcg-sg.com\/lat\/konkursi\/","name":"Konkursi - Solar gradnja","isPartOf":{"@id":"https:\/\/epcg-sg.com\/lat\/#website"},"primaryImageOfPage":{"@id":"https:\/\/epcg-sg.com\/lat\/konkursi\/#primaryimage"},"image":{"@id":"https:\/\/epcg-sg.com\/lat\/konkursi\/#primaryimage"},"thumbnailUrl":"https:\/\/epcg-sg.com\/wp-content\/uploads\/2022\/04\/solar-gradnja-logo.png","datePublished":"2022-04-12T18:32:31+00:00","dateModified":"2022-06-09T06:02:34+00:00","description":"Aktivni konkursi za EPCG Solar gradnja. U slu\u010daju da nema aktivnih konkursa, iskoristite formular da nam po\u0161aljete Va\u0161u biografiju.","breadcrumb":{"@id":"https:\/\/epcg-sg.com\/lat\/konkursi\/#breadcrumb"},"inLanguage":"lat","potentialAction":[{"@type":"ReadAction","target":["https:\/\/epcg-sg.com\/lat\/konkursi\/"]}]},{"@type":"ImageObject","inLanguage":"lat","@id":"https:\/\/epcg-sg.com\/lat\/konkursi\/#primaryimage","url":"https:\/\/epcg-sg.com\/wp-content\/uploads\/2022\/04\/solar-gradnja-logo.png","contentUrl":"https:\/\/epcg-sg.com\/wp-content\/uploads\/2022\/04\/solar-gradnja-logo.png","width":170,"height":99},{"@type":"BreadcrumbList","@id":"https:\/\/epcg-sg.com\/lat\/konkursi\/#breadcrumb","itemListElement":[{"@type":"ListItem","position":1,"name":"PO\u010cETNA","item":"https:\/\/epcg-sg.com\/lat\/"},{"@type":"ListItem","position":2,"name":"Konkursi"}]},{"@type":"WebSite","@id":"https:\/\/epcg-sg.com\/lat\/#website","url":"https:\/\/epcg-sg.com\/lat\/","name":"\u0415\u041f\u0426\u0413 \u0421\u043e\u043b\u0430\u0440 \u0433\u0440\u0430\u0434\u045a\u0430","description":"Elektroprivreda Crne Gore","publisher":{"@id":"https:\/\/epcg-sg.com\/lat\/#organization"},"potentialAction":[{"@type":"SearchAction","target":{"@type":"EntryPoint","urlTemplate":"https:\/\/epcg-sg.com\/lat\/?s={search_term_string}"},"query-input":{"@type":"PropertyValueSpecification","valueRequired":true,"valueName":"search_term_string"}}],"inLanguage":"lat"},{"@type":"Organization","@id":"https:\/\/epcg-sg.com\/lat\/#organization","name":"EPCG Solar gradnja","url":"https:\/\/epcg-sg.com\/lat\/","logo":{"@type":"ImageObject","inLanguage":"lat","@id":"https:\/\/epcg-sg.com\/lat\/#\/schema\/logo\/image\/","url":"","contentUrl":"","caption":"EPCG Solar gradnja"},"image":{"@id":"https:\/\/epcg-sg.com\/lat\/#\/schema\/logo\/image\/"},"sameAs":["https:\/\/www.facebook.com\/solargradnjaofficialpage","https:\/\/x.com\/EpcgSolar"]}]}},"_links":{"self":[{"href":"https:\/\/epcg-sg.com\/lat\/wp-json\/wp\/v2\/pages\/611","targetHints":{"allow":["GET"]}}],"collection":[{"href":"https:\/\/epcg-sg.com\/lat\/wp-json\/wp\/v2\/pages"}],"about":[{"href":"https:\/\/epcg-sg.com\/lat\/wp-json\/wp\/v2\/types\/page"}],"author":[{"embeddable":true,"href":"https:\/\/epcg-sg.com\/lat\/wp-json\/wp\/v2\/users\/1"}],"replies":[{"embeddable":true,"href":"https:\/\/epcg-sg.com\/lat\/wp-json\/wp\/v2\/comments?post=611"}],"version-history":[{"count":2,"href":"https:\/\/epcg-sg.com\/lat\/wp-json\/wp\/v2\/pages\/611\/revisions"}],"predecessor-version":[{"id":727,"href":"https:\/\/epcg-sg.com\/lat\/wp-json\/wp\/v2\/pages\/611\/revisions\/727"}],"wp:featuredmedia":[{"embeddable":true,"href":"https:\/\/epcg-sg.com\/lat\/wp-json\/wp\/v2\/media\/609"}],"wp:attachment":[{"href":"https:\/\/epcg-sg.com\/lat\/wp-json\/wp\/v2\/media?parent=611"}],"curies":[{"name":"wp","href":"https:\/\/api.w.org\/{rel}","templated":true}]}}