{"id":3709,"date":"2025-05-07T09:21:30","date_gmt":"2025-05-07T07:21:30","guid":{"rendered":"https:\/\/epcg-sg.com\/prijavi-se\/"},"modified":"2025-05-12T10:13:57","modified_gmt":"2025-05-12T08:13:57","slug":"prijavi-se","status":"publish","type":"page","link":"https:\/\/epcg-sg.com\/lat\/prijavi-se\/","title":{"rendered":"Prijavi se"},"content":{"rendered":"\t\t<div data-elementor-type=\"wp-page\" data-elementor-id=\"3709\" class=\"elementor elementor-3709 elementor-3699\" data-elementor-post-type=\"page\">\n\t\t\t\t<div class=\"elementor-element elementor-element-d73e3a2 e-flex e-con-boxed e-con e-parent\" data-id=\"d73e3a2\" data-element_type=\"container\" data-e-type=\"container\" data-settings=\"{&quot;jet_parallax_layout_list&quot;:[],&quot;background_background&quot;:&quot;classic&quot;}\">\n\t\t\t\t\t<div class=\"e-con-inner\">\n\t\t<div class=\"elementor-element elementor-element-dc887c3 e-con-full e-flex e-con e-child\" data-id=\"dc887c3\" data-element_type=\"container\" data-e-type=\"container\" data-settings=\"{&quot;jet_parallax_layout_list&quot;:[]}\">\n\t\t\t\t<div class=\"elementor-element elementor-element-def8ffa elementor-widget elementor-widget-heading\" data-id=\"def8ffa\" data-element_type=\"widget\" data-e-type=\"widget\" data-widget_type=\"heading.default\">\n\t\t\t\t<div class=\"elementor-widget-container\">\n\t\t\t\t\t<h2 class=\"elementor-heading-title elementor-size-default\">Prijavi se<\/h2>\t\t\t\t<\/div>\n\t\t\t\t<\/div>\n\t\t\t\t<\/div>\n\t\t\t\t\t<\/div>\n\t\t\t\t<\/div>\n\t\t<div class=\"elementor-element elementor-element-e98ffbd e-flex e-con-boxed e-con e-parent\" data-id=\"e98ffbd\" data-element_type=\"container\" data-e-type=\"container\" data-settings=\"{&quot;jet_parallax_layout_list&quot;:[]}\">\n\t\t\t\t\t<div class=\"e-con-inner\">\n\t\t<div class=\"elementor-element elementor-element-6cf8dab e-con-full e-flex elementor-invisible e-con e-child\" data-id=\"6cf8dab\" data-element_type=\"container\" data-e-type=\"container\" data-settings=\"{&quot;jet_parallax_layout_list&quot;:[],&quot;animation&quot;:&quot;fadeInLeft&quot;,&quot;background_background&quot;:&quot;classic&quot;}\">\n\t\t\t\t<div class=\"elementor-element elementor-element-c552f48 elementor-widget elementor-widget-heading\" data-id=\"c552f48\" data-element_type=\"widget\" data-e-type=\"widget\" data-widget_type=\"heading.default\">\n\t\t\t\t<div class=\"elementor-widget-container\">\n\t\t\t\t\t<h2 class=\"elementor-heading-title elementor-size-default\">POSTAVITE SOLARNE PANELE NA KROV VA\u0160EG OBJEKTA<\/h2>\t\t\t\t<\/div>\n\t\t\t\t<\/div>\n\t\t\t\t<div class=\"elementor-element elementor-element-ea44828 elementor-widget elementor-widget-text-editor\" data-id=\"ea44828\" data-element_type=\"widget\" data-e-type=\"widget\" data-widget_type=\"text-editor.default\">\n\t\t\t\t<div class=\"elementor-widget-container\">\n\t\t\t\t\t\t\t\t\t<p><strong>Svi potro\u0161a\u010di zainteresovani za ugradnju solarnih panela na svom objektu mogu se prijaviti pozivom korisni\u010dkog centra EPCG Solar gradnje na broj 19200 ili putem <a href=\"https:\/\/www.solari.epcg.com\/zanima-me\">linka<\/a> na sajtu Elektroprivrede \u2013 <a href=\"https:\/\/www.solari.epcg.com\/zanima-me\/\">kliknite ovdje.<\/a><\/strong><\/p>\n<p>Ugradite solarne panele na krovu va\u0161eg objekta i otpla\u0107ujte ih u ratama u visini va\u0161eg prosje\u010dnog ra\u010duna za struju. Nakon otplate, postajete energetski nezavisni \u2013 struju proizvodite sami, a tro\u0161kovi elektri\u010dne energije postaju minimalni. Solarni paneli su pametna i dugoro\u010dna investicija koja donosi zna\u010dajne finansijske u\u0161tede za doma\u0107instva i poslovne subjekte.<\/p>\n\t\t\t\t\t\t\t\t<\/div>\n\t\t\t\t<\/div>\n\t\t\t\t<div class=\"elementor-element elementor-element-90f6337 elementor-widget elementor-widget-heading\" data-id=\"90f6337\" data-element_type=\"widget\" data-e-type=\"widget\" data-widget_type=\"heading.default\">\n\t\t\t\t<div class=\"elementor-widget-container\">\n\t\t\t\t\t<h3 class=\"elementor-heading-title elementor-size-default\">KOJE SU POVOLJNOSTI ZA KORISNIKA?<\/h3>\t\t\t\t<\/div>\n\t\t\t\t<\/div>\n\t\t\t\t<div class=\"elementor-element elementor-element-eda5012 elementor-widget elementor-widget-text-editor\" data-id=\"eda5012\" data-element_type=\"widget\" data-e-type=\"widget\" data-widget_type=\"text-editor.default\">\n\t\t\t\t<div class=\"elementor-widget-container\">\n\t\t\t\t\t\t\t\t\t<p>&#8211; Korisnik otpla\u0107uje solarnu elektranu u mjese\u010dnim iznosima pribli\u017eno jednakim iznosu svog prosje\u010dnog ra\u010duna za struju i to na period od pet do deset godina &#8211; u zavisnosti od vrijednosti investicije. Nakon otplate solarne elektrane, elektri\u010dna energija postaje skoro ili sasvim besplatna, \u0161to \u0107e zavisiti od odnosa proizvodnje i potro\u0161nje na godi\u0161njem nivou.<\/p>\n<p>&#8211; Korisnik dobija status kupca \u2013 proizvo\u0111a\u010da, koji potrebe za energijom podmiruje iz sopstvene solarne elektrane.<\/p>\n<p>&#8211; Prema Zakonu o kori\u0161\u0107enju energije iz obnovljivih izvora (\u010dlan 66-70), u zavisnosti od snage sistema, korisnicima solarnih elektrana omogu\u0107eno je da vi\u0161ak proizvedene elektri\u010dne energije predate mre\u017ei, na osnovu godi\u0161njeg obra\u010duna naplate po va\u017ee\u0107oj cijeni kilovat-\u010dasa aktivne energije bez obra\u010duna mre\u017enih i drugih naknada, u okviru tarife u kojoj je energija proizvedena (za sisteme do 16kW).<\/p>\n<p>Za sisteme od 16-50kW va\u017ei sli\u010dna metoda prethodnoj, sa razlikom \u0161to se vi\u0161ak energije ne prenosi u naredni obra\u010dun kao deponovana energija ve\u0107 se nov\u010dana vrijednost vi\u0161ka elektri\u010dne energije koju preda u mre\u017eu kupac-proizvo\u0111a\u010d u obra\u010dunskom periodu koristi u formi finansijskog depozita za umanjenje duga.<\/p>\n<p>Za kupce &#8211; proizvo\u0111a\u010de \u010dija je instalisana snaga elektrane ve\u0107a od 50 kW, obra\u010dun elektri\u010dne energije preuzete iz sistema i elektri\u010dne energije predate u sistem vr\u0161i se nezavisno.<\/p>\n<p>&#8211; Korisnik dobija priliku da koristi ekolo\u0161ki \u010dist, obnovljiv izvor energije i smanjenjem upotrebe fosilnih goriva doprinese zdravijem \u017eivotnom okru\u017eenju.<\/p>\n<p>&#8211; Korisnik ima tehni\u010dku i logisti\u010dku podr\u0161ku zaposlenih u EPCG &#8211; Solar gradnji, kako u izgradnji tako i u odr\u017eavanju sistema.<\/p>\n\t\t\t\t\t\t\t\t<\/div>\n\t\t\t\t<\/div>\n\t\t\t\t<div class=\"elementor-element elementor-element-df7d434 elementor-widget elementor-widget-heading\" data-id=\"df7d434\" data-element_type=\"widget\" data-e-type=\"widget\" data-widget_type=\"heading.default\">\n\t\t\t\t<div class=\"elementor-widget-container\">\n\t\t\t\t\t<h3 class=\"elementor-heading-title elementor-size-default\">POSTANITE I VI PROIZVO\u0110A\u010c ELEKTRI\u010cNE ENERGIJE<\/h3>\t\t\t\t<\/div>\n\t\t\t\t<\/div>\n\t\t\t\t<div class=\"elementor-element elementor-element-b87e7d1 elementor-widget elementor-widget-text-editor\" data-id=\"b87e7d1\" data-element_type=\"widget\" data-e-type=\"widget\" data-widget_type=\"text-editor.default\">\n\t\t\t\t<div class=\"elementor-widget-container\">\n\t\t\t\t\t\t\t\t\t<p>Svi zainteresovani mogu se prijaviti popunjavanjem formulara na <strong><a href=\"https:\/\/www.solari.epcg.com\/zanima-me\/\">sajtu Elektroprivrede<\/a><\/strong> ili pozivom na broj <a href=\"tel:19200\">19200<\/a>.<\/p>\n\t\t\t\t\t\t\t\t<\/div>\n\t\t\t\t<\/div>\n\t\t\t\t<div class=\"elementor-element elementor-element-49edd45 elementor-widget elementor-widget-heading\" data-id=\"49edd45\" data-element_type=\"widget\" data-e-type=\"widget\" data-widget_type=\"heading.default\">\n\t\t\t\t<div class=\"elementor-widget-container\">\n\t\t\t\t\t<h3 class=\"elementor-heading-title elementor-size-default\">KOJI SU USLOVI ZA UGRADNJU SOLARNE ELEKTRANE?<\/h3>\t\t\t\t<\/div>\n\t\t\t\t<\/div>\n\t\t\t\t<div class=\"elementor-element elementor-element-de4bf05 elementor-widget elementor-widget-text-editor\" data-id=\"de4bf05\" data-element_type=\"widget\" data-e-type=\"widget\" data-widget_type=\"text-editor.default\">\n\t\t\t\t<div class=\"elementor-widget-container\">\n\t\t\t\t\t\t\t\t\t<p>&#8211; Objekat mora imati dobar solarni potencijal, tj. krovna povr\u0161ina mora biti orijentisana ju\u017eno, jugosti\u010dno, jugozapadno, isto\u010dno i zapadno.<\/p>\n<p>&#8211; Objekat treba da ima dovoljno krovne povr\u0161ine: 1 kW zahtijeva povr\u0161inu od 5m2.<\/p>\n<p>&#8211; Objekat mora imati trofazni priklju\u010dak na distributivnu mre\u017eu ili monofazni &#8211; pod uslovom da korisnik pre\u0111e na trofazni priklju\u010dak prije po\u010detka ugradnje fotonaponskog sistema.<\/p>\n\t\t\t\t\t\t\t\t<\/div>\n\t\t\t\t<\/div>\n\t\t\t\t<div class=\"elementor-element elementor-element-d905ca5 elementor-widget elementor-widget-image\" data-id=\"d905ca5\" data-element_type=\"widget\" data-e-type=\"widget\" data-widget_type=\"image.default\">\n\t\t\t\t<div class=\"elementor-widget-container\">\n\t\t\t\t\t\t\t\t\t\t\t\t\t\t\t<img fetchpriority=\"high\" decoding=\"async\" width=\"800\" height=\"534\" src=\"https:\/\/epcg-sg.com\/wp-content\/uploads\/2025\/05\/krovovi-BANER-1200x800-_-001-1-1024x683.png\" class=\"attachment-large size-large wp-image-3737\" alt=\"\" srcset=\"https:\/\/epcg-sg.com\/wp-content\/uploads\/2025\/05\/krovovi-BANER-1200x800-_-001-1-1024x683.png 1024w, https:\/\/epcg-sg.com\/wp-content\/uploads\/2025\/05\/krovovi-BANER-1200x800-_-001-1-300x200.png 300w, https:\/\/epcg-sg.com\/wp-content\/uploads\/2025\/05\/krovovi-BANER-1200x800-_-001-1-768x512.png 768w, https:\/\/epcg-sg.com\/wp-content\/uploads\/2025\/05\/krovovi-BANER-1200x800-_-001-1.png 1200w\" sizes=\"(max-width: 800px) 100vw, 800px\" \/>\t\t\t\t\t\t\t\t\t\t\t\t\t\t\t<\/div>\n\t\t\t\t<\/div>\n\t\t\t\t<div class=\"elementor-element elementor-element-8fd5d03 elementor-widget elementor-widget-heading\" data-id=\"8fd5d03\" data-element_type=\"widget\" data-e-type=\"widget\" data-widget_type=\"heading.default\">\n\t\t\t\t<div class=\"elementor-widget-container\">\n\t\t\t\t\t<h3 class=\"elementor-heading-title elementor-size-default\">O PROJEKTU SOLARI 5000+<\/h3>\t\t\t\t<\/div>\n\t\t\t\t<\/div>\n\t\t\t\t<div class=\"elementor-element elementor-element-6acc8c7 elementor-widget elementor-widget-text-editor\" data-id=\"6acc8c7\" data-element_type=\"widget\" data-e-type=\"widget\" data-widget_type=\"text-editor.default\">\n\t\t\t\t<div class=\"elementor-widget-container\">\n\t\t\t\t\t\t\t\t\t<p>Projekat SOLARI 5000+ (70 MW), namijenjen je kako doma\u0107instvima i pravnim licima, tako i stambenim zajednicama \u2013 vlasnicima stambenih jedinica manjih stambenih zgrada (do \u010detiri sprata). Predvi\u0111eno je da se realizacijom ovog projekta ugrade fotonaponski sistemi ukupne snage 70 MW.<\/p>\n<p>Vrijednost projekta iznosi 70 miliona eura, a EPCG \u0107e obezbijediti subvenciju od 20 odsto za sve potro\u0161a\u010de koji zadovolje uslove propisane javnim pozivom i kvalifikuju se za ugradnju fotonaponskog sistema.<\/p>\n<p>Projekat se sprovodi u okviru strate\u0161kog plana EPCG za podr\u0161ku odr\u017eivoj energetskoj budu\u0107nosti, \u0161to \u0107e uticati na smanjenje emisije ugljen-dioksida i pove\u0107anje upotrebe obnovljivih izvora energije. Osim toga, u\u010de\u0161\u0107e u ovom projektu predstavlja korak ka ve\u0107oj energetskoj nezavisnosti i dugoro\u010dnim u\u0161tedama u potro\u0161nji elektri\u010dne energije.<\/p>\n<p>Broj 19200 na raspolaganju je svima koji su zainteresovani za ugradnju solarnih panela, kao i za one koji imaju pitanja, nedoumice ili pak imaju smetnji na ugra\u0111enoj solarnoj elektrani.<\/p>\n\t\t\t\t\t\t\t\t<\/div>\n\t\t\t\t<\/div>\n\t\t\t\t<\/div>\n\t\t<div class=\"elementor-element elementor-element-004df91 e-con-full e-flex elementor-invisible e-con e-child\" data-id=\"004df91\" data-element_type=\"container\" data-e-type=\"container\" data-settings=\"{&quot;jet_parallax_layout_list&quot;:[],&quot;animation&quot;:&quot;fadeInRight&quot;,&quot;background_background&quot;:&quot;classic&quot;}\">\n\t\t<div class=\"elementor-element elementor-element-28cf95c e-con-full e-flex e-con e-child\" data-id=\"28cf95c\" data-element_type=\"container\" data-e-type=\"container\" data-settings=\"{&quot;background_background&quot;:&quot;classic&quot;,&quot;jet_parallax_layout_list&quot;:[]}\">\n\t\t\t\t<div class=\"elementor-element elementor-element-e2a8232 elementor-widget elementor-widget-heading\" data-id=\"e2a8232\" data-element_type=\"widget\" data-e-type=\"widget\" data-widget_type=\"heading.default\">\n\t\t\t\t<div class=\"elementor-widget-container\">\n\t\t\t\t\t<h2 class=\"elementor-heading-title elementor-size-default\">SOLARNI SISTEM ZA VA\u0160 BALKON \u2013 JEDNOSTAVNA U\u0160TEDA ENERGIJE!<\/h2>\t\t\t\t<\/div>\n\t\t\t\t<\/div>\n\t\t\t\t<div class=\"elementor-element elementor-element-b93130e elementor-widget elementor-widget-text-editor\" data-id=\"b93130e\" data-element_type=\"widget\" data-e-type=\"widget\" data-widget_type=\"text-editor.default\">\n\t\t\t\t<div class=\"elementor-widget-container\">\n\t\t\t\t\t\t\t\t\t<p>Iskoristite snagu sunca uz na\u0161 balkonski solarni sistem i umanjite ra\u010dun za struju jednostavno i efikasno.<\/p>\n<p><b>Prijavite se putem sajta\u00a0 <\/b><a href=\"http:\/\/www.solari.epcg.com\"><b><span style=\"color: #ffffff;\">www.solari.epcg.com<\/span><\/b><\/a><b> kao i putem aplikacije Viber, slanjem poruke na broj 068 84 63 63. Potrebno je poslati ime i prezime, pretplatni broj, naziv op\u0161tine, adresu stanovanja i fotografiju balkona.<\/b><b>\u00a0\u00a0<\/b><\/p>\n<p>Korisnici imaju mogu\u0107nost otplate solarne elektrane u 60 mjese\u010dnih rata kako bi se \u0161to lak\u0161e odlu\u010dili za ovu dugoro\u010dnu i isplativu investiciju.<\/p>\n<p>Solarni sistem za balkone je kompaktan fotonaponski sistem dizajniran za monta\u017eu na ogradu ili zid balkona. Ovi sistemi su idealni za stanove jer omogu\u0107uju smanjenje ra\u010duna za struju i kori\u0161\u0107enje obnovljive energije bez potrebe za slo\u017eenim instalacijama. Ako imate vi\u0161e balkona ili vam je balkon ve\u0107e povr\u0161ine, mo\u017eete kombinovati vi\u0161e ovakvih sistema. Uz intuitivnu aplikaciju za mobilni telefon, u svakom trenutku imate uvid u rad i proizvodnju va\u0161eg sistema, gdje god da se nalazite.<\/p>\n\t\t\t\t\t\t\t\t<\/div>\n\t\t\t\t<\/div>\n\t\t\t\t<div class=\"elementor-element elementor-element-26a092f elementor-widget elementor-widget-heading\" data-id=\"26a092f\" data-element_type=\"widget\" data-e-type=\"widget\" data-widget_type=\"heading.default\">\n\t\t\t\t<div class=\"elementor-widget-container\">\n\t\t\t\t\t<h3 class=\"elementor-heading-title elementor-size-default\">Za\u0161to ugraditi solarne panele na balkonu?<\/h3>\t\t\t\t<\/div>\n\t\t\t\t<\/div>\n\t\t\t\t<div class=\"elementor-element elementor-element-053c473 elementor-icon-list--layout-traditional elementor-list-item-link-full_width elementor-widget elementor-widget-icon-list\" data-id=\"053c473\" data-element_type=\"widget\" data-e-type=\"widget\" data-widget_type=\"icon-list.default\">\n\t\t\t\t<div class=\"elementor-widget-container\">\n\t\t\t\t\t\t\t<ul class=\"elementor-icon-list-items\">\n\t\t\t\t\t\t\t<li class=\"elementor-icon-list-item\">\n\t\t\t\t\t\t\t\t\t\t\t<span class=\"elementor-icon-list-icon\">\n\t\t\t\t\t\t\t<i aria-hidden=\"true\" class=\"fas fa-check\"><\/i>\t\t\t\t\t\t<\/span>\n\t\t\t\t\t\t\t\t\t\t<span class=\"elementor-icon-list-text\">Laka monta\u017ea na ogradu ili zid balkona<\/span>\n\t\t\t\t\t\t\t\t\t<\/li>\n\t\t\t\t\t\t\t\t<li class=\"elementor-icon-list-item\">\n\t\t\t\t\t\t\t\t\t\t\t<span class=\"elementor-icon-list-icon\">\n\t\t\t\t\t\t\t<i aria-hidden=\"true\" class=\"fas fa-check\"><\/i>\t\t\t\t\t\t<\/span>\n\t\t\t\t\t\t\t\t\t\t<span class=\"elementor-icon-list-text\">Direktno povezivanje s ku\u0107nom mre\u017eom<\/span>\n\t\t\t\t\t\t\t\t\t<\/li>\n\t\t\t\t\t\t\t\t<li class=\"elementor-icon-list-item\">\n\t\t\t\t\t\t\t\t\t\t\t<span class=\"elementor-icon-list-icon\">\n\t\t\t\t\t\t\t<i aria-hidden=\"true\" class=\"fas fa-check\"><\/i>\t\t\t\t\t\t<\/span>\n\t\t\t\t\t\t\t\t\t\t<span class=\"elementor-icon-list-text\">Aplikacija za pra\u0107enje rada i proizvodnje u realnom vremenu<\/span>\n\t\t\t\t\t\t\t\t\t<\/li>\n\t\t\t\t\t\t\t\t<li class=\"elementor-icon-list-item\">\n\t\t\t\t\t\t\t\t\t\t\t<span class=\"elementor-icon-list-icon\">\n\t\t\t\t\t\t\t<i aria-hidden=\"true\" class=\"fas fa-check\"><\/i>\t\t\t\t\t\t<\/span>\n\t\t\t\t\t\t\t\t\t\t<span class=\"elementor-icon-list-text\">Idealan za stanove i male prostore<\/span>\n\t\t\t\t\t\t\t\t\t<\/li>\n\t\t\t\t\t\t\t\t<li class=\"elementor-icon-list-item\">\n\t\t\t\t\t\t\t\t\t\t\t<span class=\"elementor-icon-list-icon\">\n\t\t\t\t\t\t\t<i aria-hidden=\"true\" class=\"fas fa-check\"><\/i>\t\t\t\t\t\t<\/span>\n\t\t\t\t\t\t\t\t\t\t<span class=\"elementor-icon-list-text\">Ekolo\u0161ki i dugotrajan izvor energije<\/span>\n\t\t\t\t\t\t\t\t\t<\/li>\n\t\t\t\t\t\t\t\t<li class=\"elementor-icon-list-item\">\n\t\t\t\t\t\t\t\t\t\t\t<span class=\"elementor-icon-list-icon\">\n\t\t\t\t\t\t\t<i aria-hidden=\"true\" class=\"fas fa-check\"><\/i>\t\t\t\t\t\t<\/span>\n\t\t\t\t\t\t\t\t\t\t<span class=\"elementor-icon-list-text\">Otplata u 60 mjese\u010dnih rata<\/span>\n\t\t\t\t\t\t\t\t\t<\/li>\n\t\t\t\t\t\t<\/ul>\n\t\t\t\t\t\t<\/div>\n\t\t\t\t<\/div>\n\t\t\t\t<div class=\"elementor-element elementor-element-63bd1b8 elementor-widget elementor-widget-image\" data-id=\"63bd1b8\" data-element_type=\"widget\" data-e-type=\"widget\" data-widget_type=\"image.default\">\n\t\t\t\t<div class=\"elementor-widget-container\">\n\t\t\t\t\t\t\t\t\t\t\t\t\t\t\t<img decoding=\"async\" width=\"800\" height=\"534\" src=\"https:\/\/epcg-sg.com\/wp-content\/uploads\/2025\/05\/BALKONI-baner-1200x800_-1-1-1024x683.png\" class=\"attachment-large size-large wp-image-3739\" alt=\"\" srcset=\"https:\/\/epcg-sg.com\/wp-content\/uploads\/2025\/05\/BALKONI-baner-1200x800_-1-1-1024x683.png 1024w, https:\/\/epcg-sg.com\/wp-content\/uploads\/2025\/05\/BALKONI-baner-1200x800_-1-1-300x200.png 300w, https:\/\/epcg-sg.com\/wp-content\/uploads\/2025\/05\/BALKONI-baner-1200x800_-1-1-768x512.png 768w, https:\/\/epcg-sg.com\/wp-content\/uploads\/2025\/05\/BALKONI-baner-1200x800_-1-1.png 1200w\" sizes=\"(max-width: 800px) 100vw, 800px\" \/>\t\t\t\t\t\t\t\t\t\t\t\t\t\t\t<\/div>\n\t\t\t\t<\/div>\n\t\t\t\t<\/div>\n\t\t\t\t<\/div>\n\t\t\t\t\t<\/div>\n\t\t\t\t<\/div>\n\t\t\t\t<\/div>\n\t\t","protected":false},"excerpt":{"rendered":"<p>Prijavi se POSTAVITE SOLARNE PANELE NA KROV VA\u0160EG OBJEKTA Svi potro\u0161a\u010di zainteresovani za ugradnju solarnih panela na svom objektu mogu se prijaviti pozivom korisni\u010dkog centra EPCG Solar gradnje na broj 19200 ili putem linka na sajtu Elektroprivrede \u2013 kliknite ovdje. Ugradite solarne panele na krovu va\u0161eg objekta i otpla\u0107ujte ih u ratama u visini va\u0161eg [&hellip;]<\/p>\n","protected":false},"author":1,"featured_media":609,"parent":0,"menu_order":0,"comment_status":"closed","ping_status":"closed","template":"elementor_header_footer","meta":{"footnotes":""},"class_list":["post-3709","page","type-page","status-publish","has-post-thumbnail","hentry"],"yoast_head":"<!-- This site is optimized with the Yoast SEO plugin v27.2 - https:\/\/yoast.com\/product\/yoast-seo-wordpress\/ -->\n<title>Prijavi se - Solar gradnja<\/title>\n<meta name=\"description\" content=\"Solarni sistemi za krovove i balkone.\" \/>\n<meta name=\"robots\" content=\"index, follow, max-snippet:-1, max-image-preview:large, max-video-preview:-1\" \/>\n<link rel=\"canonical\" href=\"https:\/\/epcg-sg.com\/lat\/prijavi-se\/\" \/>\n<meta property=\"og:locale\" content=\"en_US\" \/>\n<meta property=\"og:type\" content=\"article\" \/>\n<meta property=\"og:title\" content=\"Prijavi se - Solar gradnja\" \/>\n<meta property=\"og:description\" content=\"Solarni sistemi za krovove i balkone.\" \/>\n<meta property=\"og:url\" content=\"https:\/\/epcg-sg.com\/lat\/prijavi-se\/\" \/>\n<meta property=\"og:site_name\" content=\"Solar gradnja\" \/>\n<meta property=\"article:publisher\" content=\"https:\/\/www.facebook.com\/solargradnjaofficialpage\" \/>\n<meta property=\"article:modified_time\" content=\"2025-05-12T08:13:57+00:00\" \/>\n<meta property=\"og:image\" content=\"https:\/\/epcg-sg.com\/wp-content\/uploads\/2022\/04\/solar-gradnja-logo.png\" \/>\n\t<meta property=\"og:image:width\" content=\"170\" \/>\n\t<meta property=\"og:image:height\" content=\"99\" \/>\n\t<meta property=\"og:image:type\" content=\"image\/png\" \/>\n<meta name=\"twitter:card\" content=\"summary_large_image\" \/>\n<meta name=\"twitter:site\" content=\"@EpcgSolar\" \/>\n<script type=\"application\/ld+json\" class=\"yoast-schema-graph\">{\"@context\":\"https:\/\/schema.org\",\"@graph\":[{\"@type\":\"WebPage\",\"@id\":\"https:\/\/epcg-sg.com\/lat\/prijavi-se\/\",\"url\":\"https:\/\/epcg-sg.com\/lat\/prijavi-se\/\",\"name\":\"Prijavi se - Solar gradnja\",\"isPartOf\":{\"@id\":\"https:\/\/epcg-sg.com\/lat\/#website\"},\"primaryImageOfPage\":{\"@id\":\"https:\/\/epcg-sg.com\/lat\/prijavi-se\/#primaryimage\"},\"image\":{\"@id\":\"https:\/\/epcg-sg.com\/lat\/prijavi-se\/#primaryimage\"},\"thumbnailUrl\":\"https:\/\/epcg-sg.com\/wp-content\/uploads\/2022\/04\/solar-gradnja-logo.png\",\"datePublished\":\"2025-05-07T07:21:30+00:00\",\"dateModified\":\"2025-05-12T08:13:57+00:00\",\"description\":\"Solarni sistemi za krovove i balkone.\",\"breadcrumb\":{\"@id\":\"https:\/\/epcg-sg.com\/lat\/prijavi-se\/#breadcrumb\"},\"inLanguage\":\"lat\",\"potentialAction\":[{\"@type\":\"ReadAction\",\"target\":[\"https:\/\/epcg-sg.com\/lat\/prijavi-se\/\"]}]},{\"@type\":\"ImageObject\",\"inLanguage\":\"lat\",\"@id\":\"https:\/\/epcg-sg.com\/lat\/prijavi-se\/#primaryimage\",\"url\":\"https:\/\/epcg-sg.com\/wp-content\/uploads\/2022\/04\/solar-gradnja-logo.png\",\"contentUrl\":\"https:\/\/epcg-sg.com\/wp-content\/uploads\/2022\/04\/solar-gradnja-logo.png\",\"width\":170,\"height\":99},{\"@type\":\"BreadcrumbList\",\"@id\":\"https:\/\/epcg-sg.com\/lat\/prijavi-se\/#breadcrumb\",\"itemListElement\":[{\"@type\":\"ListItem\",\"position\":1,\"name\":\"PO\u010cETNA\",\"item\":\"https:\/\/epcg-sg.com\/lat\/\"},{\"@type\":\"ListItem\",\"position\":2,\"name\":\"Prijavi se\"}]},{\"@type\":\"WebSite\",\"@id\":\"https:\/\/epcg-sg.com\/lat\/#website\",\"url\":\"https:\/\/epcg-sg.com\/lat\/\",\"name\":\"\u0415\u041f\u0426\u0413 \u0421\u043e\u043b\u0430\u0440 \u0433\u0440\u0430\u0434\u045a\u0430\",\"description\":\"Elektroprivreda Crne Gore\",\"publisher\":{\"@id\":\"https:\/\/epcg-sg.com\/lat\/#organization\"},\"potentialAction\":[{\"@type\":\"SearchAction\",\"target\":{\"@type\":\"EntryPoint\",\"urlTemplate\":\"https:\/\/epcg-sg.com\/lat\/?s={search_term_string}\"},\"query-input\":{\"@type\":\"PropertyValueSpecification\",\"valueRequired\":true,\"valueName\":\"search_term_string\"}}],\"inLanguage\":\"lat\"},{\"@type\":\"Organization\",\"@id\":\"https:\/\/epcg-sg.com\/lat\/#organization\",\"name\":\"EPCG Solar gradnja\",\"url\":\"https:\/\/epcg-sg.com\/lat\/\",\"logo\":{\"@type\":\"ImageObject\",\"inLanguage\":\"lat\",\"@id\":\"https:\/\/epcg-sg.com\/lat\/#\/schema\/logo\/image\/\",\"url\":\"\",\"contentUrl\":\"\",\"caption\":\"EPCG Solar gradnja\"},\"image\":{\"@id\":\"https:\/\/epcg-sg.com\/lat\/#\/schema\/logo\/image\/\"},\"sameAs\":[\"https:\/\/www.facebook.com\/solargradnjaofficialpage\",\"https:\/\/x.com\/EpcgSolar\"]}]}<\/script>\n<!-- \/ Yoast SEO plugin. -->","yoast_head_json":{"title":"Prijavi se - Solar gradnja","description":"Solarni sistemi za krovove i balkone.","robots":{"index":"index","follow":"follow","max-snippet":"max-snippet:-1","max-image-preview":"max-image-preview:large","max-video-preview":"max-video-preview:-1"},"canonical":"https:\/\/epcg-sg.com\/lat\/prijavi-se\/","og_locale":"en_US","og_type":"article","og_title":"Prijavi se - Solar gradnja","og_description":"Solarni sistemi za krovove i balkone.","og_url":"https:\/\/epcg-sg.com\/lat\/prijavi-se\/","og_site_name":"Solar gradnja","article_publisher":"https:\/\/www.facebook.com\/solargradnjaofficialpage","article_modified_time":"2025-05-12T08:13:57+00:00","og_image":[{"width":170,"height":99,"url":"https:\/\/epcg-sg.com\/wp-content\/uploads\/2022\/04\/solar-gradnja-logo.png","type":"image\/png"}],"twitter_card":"summary_large_image","twitter_site":"@EpcgSolar","schema":{"@context":"https:\/\/schema.org","@graph":[{"@type":"WebPage","@id":"https:\/\/epcg-sg.com\/lat\/prijavi-se\/","url":"https:\/\/epcg-sg.com\/lat\/prijavi-se\/","name":"Prijavi se - Solar gradnja","isPartOf":{"@id":"https:\/\/epcg-sg.com\/lat\/#website"},"primaryImageOfPage":{"@id":"https:\/\/epcg-sg.com\/lat\/prijavi-se\/#primaryimage"},"image":{"@id":"https:\/\/epcg-sg.com\/lat\/prijavi-se\/#primaryimage"},"thumbnailUrl":"https:\/\/epcg-sg.com\/wp-content\/uploads\/2022\/04\/solar-gradnja-logo.png","datePublished":"2025-05-07T07:21:30+00:00","dateModified":"2025-05-12T08:13:57+00:00","description":"Solarni sistemi za krovove i balkone.","breadcrumb":{"@id":"https:\/\/epcg-sg.com\/lat\/prijavi-se\/#breadcrumb"},"inLanguage":"lat","potentialAction":[{"@type":"ReadAction","target":["https:\/\/epcg-sg.com\/lat\/prijavi-se\/"]}]},{"@type":"ImageObject","inLanguage":"lat","@id":"https:\/\/epcg-sg.com\/lat\/prijavi-se\/#primaryimage","url":"https:\/\/epcg-sg.com\/wp-content\/uploads\/2022\/04\/solar-gradnja-logo.png","contentUrl":"https:\/\/epcg-sg.com\/wp-content\/uploads\/2022\/04\/solar-gradnja-logo.png","width":170,"height":99},{"@type":"BreadcrumbList","@id":"https:\/\/epcg-sg.com\/lat\/prijavi-se\/#breadcrumb","itemListElement":[{"@type":"ListItem","position":1,"name":"PO\u010cETNA","item":"https:\/\/epcg-sg.com\/lat\/"},{"@type":"ListItem","position":2,"name":"Prijavi se"}]},{"@type":"WebSite","@id":"https:\/\/epcg-sg.com\/lat\/#website","url":"https:\/\/epcg-sg.com\/lat\/","name":"\u0415\u041f\u0426\u0413 \u0421\u043e\u043b\u0430\u0440 \u0433\u0440\u0430\u0434\u045a\u0430","description":"Elektroprivreda Crne Gore","publisher":{"@id":"https:\/\/epcg-sg.com\/lat\/#organization"},"potentialAction":[{"@type":"SearchAction","target":{"@type":"EntryPoint","urlTemplate":"https:\/\/epcg-sg.com\/lat\/?s={search_term_string}"},"query-input":{"@type":"PropertyValueSpecification","valueRequired":true,"valueName":"search_term_string"}}],"inLanguage":"lat"},{"@type":"Organization","@id":"https:\/\/epcg-sg.com\/lat\/#organization","name":"EPCG Solar gradnja","url":"https:\/\/epcg-sg.com\/lat\/","logo":{"@type":"ImageObject","inLanguage":"lat","@id":"https:\/\/epcg-sg.com\/lat\/#\/schema\/logo\/image\/","url":"","contentUrl":"","caption":"EPCG Solar gradnja"},"image":{"@id":"https:\/\/epcg-sg.com\/lat\/#\/schema\/logo\/image\/"},"sameAs":["https:\/\/www.facebook.com\/solargradnjaofficialpage","https:\/\/x.com\/EpcgSolar"]}]}},"_links":{"self":[{"href":"https:\/\/epcg-sg.com\/lat\/wp-json\/wp\/v2\/pages\/3709","targetHints":{"allow":["GET"]}}],"collection":[{"href":"https:\/\/epcg-sg.com\/lat\/wp-json\/wp\/v2\/pages"}],"about":[{"href":"https:\/\/epcg-sg.com\/lat\/wp-json\/wp\/v2\/types\/page"}],"author":[{"embeddable":true,"href":"https:\/\/epcg-sg.com\/lat\/wp-json\/wp\/v2\/users\/1"}],"replies":[{"embeddable":true,"href":"https:\/\/epcg-sg.com\/lat\/wp-json\/wp\/v2\/comments?post=3709"}],"version-history":[{"count":5,"href":"https:\/\/epcg-sg.com\/lat\/wp-json\/wp\/v2\/pages\/3709\/revisions"}],"predecessor-version":[{"id":3778,"href":"https:\/\/epcg-sg.com\/lat\/wp-json\/wp\/v2\/pages\/3709\/revisions\/3778"}],"wp:featuredmedia":[{"embeddable":true,"href":"https:\/\/epcg-sg.com\/lat\/wp-json\/wp\/v2\/media\/609"}],"wp:attachment":[{"href":"https:\/\/epcg-sg.com\/lat\/wp-json\/wp\/v2\/media?parent=3709"}],"curies":[{"name":"wp","href":"https:\/\/api.w.org\/{rel}","templated":true}]}}