{"id":2297,"date":"2023-03-14T13:12:43","date_gmt":"2023-03-14T11:12:43","guid":{"rendered":"https:\/\/epcg-sg.com\/obavjestenje\/"},"modified":"2025-01-13T09:54:16","modified_gmt":"2025-01-13T07:54:16","slug":"obavjestenje","status":"publish","type":"page","link":"https:\/\/epcg-sg.com\/lat\/obavjestenje\/","title":{"rendered":"Solari 5000+"},"content":{"rendered":"\t\t<div data-elementor-type=\"wp-page\" data-elementor-id=\"2297\" class=\"elementor elementor-2297 elementor-2292\" data-elementor-post-type=\"page\">\n\t\t\t\t\t\t<section class=\"elementor-section elementor-top-section elementor-element elementor-element-b8791cc elementor-section-boxed elementor-section-height-default elementor-section-height-default\" data-id=\"b8791cc\" data-element_type=\"section\" data-e-type=\"section\" data-settings=\"{&quot;jet_parallax_layout_list&quot;:[]}\">\n\t\t\t\t\t\t<div class=\"elementor-container elementor-column-gap-default\">\n\t\t\t\t\t<div class=\"elementor-column elementor-col-100 elementor-top-column elementor-element elementor-element-fce31c5\" data-id=\"fce31c5\" data-element_type=\"column\" data-e-type=\"column\">\n\t\t\t<div class=\"elementor-widget-wrap elementor-element-populated\">\n\t\t\t\t\t\t<div class=\"elementor-element elementor-element-23af341 elementor-widget elementor-widget-text-editor\" data-id=\"23af341\" data-element_type=\"widget\" data-e-type=\"widget\" data-widget_type=\"text-editor.default\">\n\t\t\t\t<div class=\"elementor-widget-container\">\n\t\t\t\t\t\t\t\t\t<p>Svi potro\u0161a\u010di zainteresovani za projekat mogu se prijaviti pozivom korisni\u010dkog centra EPCG Solar gradnje na broj 19200 ili putem linka koji se nalazi na portalu www.solari.epcg.com<\/p>\n<p>Projekat SOLARI 5000+ (70 MW), namijenjen je kako doma\u0107instvima i pravnim licima, tako i stambenim zajednicama \u2013 vlasnicima stambenih jedinica manjih stambenih zgrada (do \u010detiri sprata). Predvi\u0111eno je da se realizacijom ovog projekta ugrade fotonaponski sistemi ukupne snage 70 MW.<\/p>\n<p>Vrijednost projekta iznosi 70 miliona eura, a EPCG \u0107e obezbijediti subvenciju od 20 odsto za sve potro\u0161a\u010de koji zadovolje uslove propisane javnim pozivom i kvalifikuju se za ugradnju fotonaponskog sistema.<\/p>\n<p>Projekat se sprovodi u okviru strate\u0161kog plana EPCG za podr\u0161ku odr\u017eivoj energetskoj budu\u0107nosti, \u0161to \u0107e uticati na smanjenje emisije ugljen-dioksida i pove\u0107anje upotrebe obnovljivih izvora energije. Osim toga, u\u010de\u0161\u0107e u ovom projektu predstavlja korak ka ve\u0107oj energetskoj nezavisnosti i dugoro\u010dnim u\u0161tedama u potro\u0161nji elektri\u010dne energije.<\/p>\n<p><a href=\"https:\/\/www.solari.epcg.com\/\">Kliknite ovdje za vi\u0161e detalja.<\/a><\/p>\n\t\t\t\t\t\t\t\t<\/div>\n\t\t\t\t<\/div>\n\t\t\t\t\t<\/div>\n\t\t<\/div>\n\t\t\t\t\t<\/div>\n\t\t<\/section>\n\t\t\t\t<\/div>\n\t\t","protected":false},"excerpt":{"rendered":"<p>Svi potro\u0161a\u010di zainteresovani za projekat mogu se prijaviti pozivom korisni\u010dkog centra EPCG Solar gradnje na broj 19200 ili putem linka koji se nalazi na portalu www.solari.epcg.com Projekat SOLARI 5000+ (70 MW), namijenjen je kako doma\u0107instvima i pravnim licima, tako i stambenim zajednicama \u2013 vlasnicima stambenih jedinica manjih stambenih zgrada (do \u010detiri sprata). Predvi\u0111eno je da [&hellip;]<\/p>\n","protected":false},"author":1,"featured_media":0,"parent":0,"menu_order":0,"comment_status":"closed","ping_status":"closed","template":"","meta":{"footnotes":""},"class_list":["post-2297","page","type-page","status-publish","hentry"],"yoast_head":"<!-- This site is optimized with the Yoast SEO plugin v27.2 - https:\/\/yoast.com\/product\/yoast-seo-wordpress\/ -->\n<title>Solari 5000+ - Solar gradnja<\/title>\n<meta name=\"robots\" content=\"index, follow, max-snippet:-1, max-image-preview:large, max-video-preview:-1\" \/>\n<link rel=\"canonical\" href=\"https:\/\/epcg-sg.com\/lat\/obavjestenje\/\" \/>\n<meta property=\"og:locale\" content=\"en_US\" \/>\n<meta property=\"og:type\" content=\"article\" \/>\n<meta property=\"og:title\" content=\"Solari 5000+ - Solar gradnja\" \/>\n<meta property=\"og:description\" content=\"Svi potro\u0161a\u010di zainteresovani za projekat mogu se prijaviti pozivom korisni\u010dkog centra EPCG Solar gradnje na broj 19200 ili putem linka koji se nalazi na portalu www.solari.epcg.com Projekat SOLARI 5000+ (70 MW), namijenjen je kako doma\u0107instvima i pravnim licima, tako i stambenim zajednicama \u2013 vlasnicima stambenih jedinica manjih stambenih zgrada (do \u010detiri sprata). Predvi\u0111eno je da [&hellip;]\" \/>\n<meta property=\"og:url\" content=\"https:\/\/epcg-sg.com\/lat\/obavjestenje\/\" \/>\n<meta property=\"og:site_name\" content=\"Solar gradnja\" \/>\n<meta property=\"article:publisher\" content=\"https:\/\/www.facebook.com\/solargradnjaofficialpage\" \/>\n<meta property=\"article:modified_time\" content=\"2025-01-13T07:54:16+00:00\" \/>\n<meta property=\"og:image\" content=\"https:\/\/epcg-sg.com\/wp-content\/uploads\/2022\/06\/solar-featured.jpg\" \/>\n\t<meta property=\"og:image:width\" content=\"1200\" \/>\n\t<meta property=\"og:image:height\" content=\"658\" \/>\n\t<meta property=\"og:image:type\" content=\"image\/jpeg\" \/>\n<meta name=\"twitter:card\" content=\"summary_large_image\" \/>\n<meta name=\"twitter:site\" content=\"@EpcgSolar\" \/>\n<script type=\"application\/ld+json\" class=\"yoast-schema-graph\">{\"@context\":\"https:\/\/schema.org\",\"@graph\":[{\"@type\":\"WebPage\",\"@id\":\"https:\/\/epcg-sg.com\/lat\/obavjestenje\/\",\"url\":\"https:\/\/epcg-sg.com\/lat\/obavjestenje\/\",\"name\":\"Solari 5000+ - Solar gradnja\",\"isPartOf\":{\"@id\":\"https:\/\/epcg-sg.com\/lat\/#website\"},\"datePublished\":\"2023-03-14T11:12:43+00:00\",\"dateModified\":\"2025-01-13T07:54:16+00:00\",\"breadcrumb\":{\"@id\":\"https:\/\/epcg-sg.com\/lat\/obavjestenje\/#breadcrumb\"},\"inLanguage\":\"lat\",\"potentialAction\":[{\"@type\":\"ReadAction\",\"target\":[\"https:\/\/epcg-sg.com\/lat\/obavjestenje\/\"]}]},{\"@type\":\"BreadcrumbList\",\"@id\":\"https:\/\/epcg-sg.com\/lat\/obavjestenje\/#breadcrumb\",\"itemListElement\":[{\"@type\":\"ListItem\",\"position\":1,\"name\":\"PO\u010cETNA\",\"item\":\"https:\/\/epcg-sg.com\/lat\/\"},{\"@type\":\"ListItem\",\"position\":2,\"name\":\"Solari 5000+\"}]},{\"@type\":\"WebSite\",\"@id\":\"https:\/\/epcg-sg.com\/lat\/#website\",\"url\":\"https:\/\/epcg-sg.com\/lat\/\",\"name\":\"\u0415\u041f\u0426\u0413 \u0421\u043e\u043b\u0430\u0440 \u0433\u0440\u0430\u0434\u045a\u0430\",\"description\":\"Elektroprivreda Crne Gore\",\"publisher\":{\"@id\":\"https:\/\/epcg-sg.com\/lat\/#organization\"},\"potentialAction\":[{\"@type\":\"SearchAction\",\"target\":{\"@type\":\"EntryPoint\",\"urlTemplate\":\"https:\/\/epcg-sg.com\/lat\/?s={search_term_string}\"},\"query-input\":{\"@type\":\"PropertyValueSpecification\",\"valueRequired\":true,\"valueName\":\"search_term_string\"}}],\"inLanguage\":\"lat\"},{\"@type\":\"Organization\",\"@id\":\"https:\/\/epcg-sg.com\/lat\/#organization\",\"name\":\"EPCG Solar gradnja\",\"url\":\"https:\/\/epcg-sg.com\/lat\/\",\"logo\":{\"@type\":\"ImageObject\",\"inLanguage\":\"lat\",\"@id\":\"https:\/\/epcg-sg.com\/lat\/#\/schema\/logo\/image\/\",\"url\":\"\",\"contentUrl\":\"\",\"caption\":\"EPCG Solar gradnja\"},\"image\":{\"@id\":\"https:\/\/epcg-sg.com\/lat\/#\/schema\/logo\/image\/\"},\"sameAs\":[\"https:\/\/www.facebook.com\/solargradnjaofficialpage\",\"https:\/\/x.com\/EpcgSolar\"]}]}<\/script>\n<!-- \/ Yoast SEO plugin. -->","yoast_head_json":{"title":"Solari 5000+ - Solar gradnja","robots":{"index":"index","follow":"follow","max-snippet":"max-snippet:-1","max-image-preview":"max-image-preview:large","max-video-preview":"max-video-preview:-1"},"canonical":"https:\/\/epcg-sg.com\/lat\/obavjestenje\/","og_locale":"en_US","og_type":"article","og_title":"Solari 5000+ - Solar gradnja","og_description":"Svi potro\u0161a\u010di zainteresovani za projekat mogu se prijaviti pozivom korisni\u010dkog centra EPCG Solar gradnje na broj 19200 ili putem linka koji se nalazi na portalu www.solari.epcg.com Projekat SOLARI 5000+ (70 MW), namijenjen je kako doma\u0107instvima i pravnim licima, tako i stambenim zajednicama \u2013 vlasnicima stambenih jedinica manjih stambenih zgrada (do \u010detiri sprata). Predvi\u0111eno je da [&hellip;]","og_url":"https:\/\/epcg-sg.com\/lat\/obavjestenje\/","og_site_name":"Solar gradnja","article_publisher":"https:\/\/www.facebook.com\/solargradnjaofficialpage","article_modified_time":"2025-01-13T07:54:16+00:00","og_image":[{"width":1200,"height":658,"url":"https:\/\/epcg-sg.com\/wp-content\/uploads\/2022\/06\/solar-featured.jpg","type":"image\/jpeg"}],"twitter_card":"summary_large_image","twitter_site":"@EpcgSolar","schema":{"@context":"https:\/\/schema.org","@graph":[{"@type":"WebPage","@id":"https:\/\/epcg-sg.com\/lat\/obavjestenje\/","url":"https:\/\/epcg-sg.com\/lat\/obavjestenje\/","name":"Solari 5000+ - Solar gradnja","isPartOf":{"@id":"https:\/\/epcg-sg.com\/lat\/#website"},"datePublished":"2023-03-14T11:12:43+00:00","dateModified":"2025-01-13T07:54:16+00:00","breadcrumb":{"@id":"https:\/\/epcg-sg.com\/lat\/obavjestenje\/#breadcrumb"},"inLanguage":"lat","potentialAction":[{"@type":"ReadAction","target":["https:\/\/epcg-sg.com\/lat\/obavjestenje\/"]}]},{"@type":"BreadcrumbList","@id":"https:\/\/epcg-sg.com\/lat\/obavjestenje\/#breadcrumb","itemListElement":[{"@type":"ListItem","position":1,"name":"PO\u010cETNA","item":"https:\/\/epcg-sg.com\/lat\/"},{"@type":"ListItem","position":2,"name":"Solari 5000+"}]},{"@type":"WebSite","@id":"https:\/\/epcg-sg.com\/lat\/#website","url":"https:\/\/epcg-sg.com\/lat\/","name":"\u0415\u041f\u0426\u0413 \u0421\u043e\u043b\u0430\u0440 \u0433\u0440\u0430\u0434\u045a\u0430","description":"Elektroprivreda Crne Gore","publisher":{"@id":"https:\/\/epcg-sg.com\/lat\/#organization"},"potentialAction":[{"@type":"SearchAction","target":{"@type":"EntryPoint","urlTemplate":"https:\/\/epcg-sg.com\/lat\/?s={search_term_string}"},"query-input":{"@type":"PropertyValueSpecification","valueRequired":true,"valueName":"search_term_string"}}],"inLanguage":"lat"},{"@type":"Organization","@id":"https:\/\/epcg-sg.com\/lat\/#organization","name":"EPCG Solar gradnja","url":"https:\/\/epcg-sg.com\/lat\/","logo":{"@type":"ImageObject","inLanguage":"lat","@id":"https:\/\/epcg-sg.com\/lat\/#\/schema\/logo\/image\/","url":"","contentUrl":"","caption":"EPCG Solar gradnja"},"image":{"@id":"https:\/\/epcg-sg.com\/lat\/#\/schema\/logo\/image\/"},"sameAs":["https:\/\/www.facebook.com\/solargradnjaofficialpage","https:\/\/x.com\/EpcgSolar"]}]}},"_links":{"self":[{"href":"https:\/\/epcg-sg.com\/lat\/wp-json\/wp\/v2\/pages\/2297","targetHints":{"allow":["GET"]}}],"collection":[{"href":"https:\/\/epcg-sg.com\/lat\/wp-json\/wp\/v2\/pages"}],"about":[{"href":"https:\/\/epcg-sg.com\/lat\/wp-json\/wp\/v2\/types\/page"}],"author":[{"embeddable":true,"href":"https:\/\/epcg-sg.com\/lat\/wp-json\/wp\/v2\/users\/1"}],"replies":[{"embeddable":true,"href":"https:\/\/epcg-sg.com\/lat\/wp-json\/wp\/v2\/comments?post=2297"}],"version-history":[{"count":6,"href":"https:\/\/epcg-sg.com\/lat\/wp-json\/wp\/v2\/pages\/2297\/revisions"}],"predecessor-version":[{"id":3461,"href":"https:\/\/epcg-sg.com\/lat\/wp-json\/wp\/v2\/pages\/2297\/revisions\/3461"}],"wp:attachment":[{"href":"https:\/\/epcg-sg.com\/lat\/wp-json\/wp\/v2\/media?parent=2297"}],"curies":[{"name":"wp","href":"https:\/\/api.w.org\/{rel}","templated":true}]}}